{"id":1232,"date":"2022-04-26T07:29:35","date_gmt":"2022-04-26T07:29:35","guid":{"rendered":"https:\/\/patiotime.loftocean.com\/demo4\/?page_id=11"},"modified":"2025-05-22T19:16:31","modified_gmt":"2025-05-22T16:16:31","slug":"a-propos-de","status":"publish","type":"page","link":"https:\/\/nikolascave.gr\/fr\/a-propos-de\/","title":{"rendered":"A propos de"},"content":{"rendered":"<div data-elementor-type=\"wp-page\" data-elementor-id=\"1232\" class=\"elementor elementor-1232\">\n\t\t\t\t\t\t<section class=\"elementor-section elementor-top-section elementor-element elementor-element-bc11931 elementor-section-height-min-height elementor-section-items-stretch elementor-reverse-mobile elementor-section-boxed elementor-section-height-default\" data-id=\"bc11931\" data-element_type=\"section\" data-e-type=\"section\" data-settings=\"{&quot;background_background&quot;:&quot;classic&quot;}\">\n\t\t\t\t\t\t<div class=\"elementor-container elementor-column-gap-no\">\n\t\t\t\t\t<div class=\"elementor-column elementor-col-100 elementor-top-column elementor-element elementor-element-c40fadf\" data-id=\"c40fadf\" data-element_type=\"column\" data-e-type=\"column\">\n\t\t\t<div class=\"elementor-widget-wrap elementor-element-populated\">\n\t\t\t\t\t\t<div class=\"elementor-element elementor-element-ba0c37d elementor-widget elementor-widget-pt_title\" data-id=\"ba0c37d\" data-element_type=\"widget\" data-e-type=\"widget\" data-widget_type=\"pt_title.default\">\n\t\t\t\t<div class=\"elementor-widget-container\">\n\t\t\t\t\t\n        <div class=\"pt-title-wrap\">\t            <div class=\"pt-subtitle-wrap\"><span class=\"pt-subtitle color-secondary\">\u00c0 propos des \u00c9tats-Unis<\/span><\/div>\t            <h3 class=\"pt-title\">\n\t                Notre histoire\t            <\/h3>\t            <div class=\"pt-title-text\">\n\t                <p>Santorin... Plage d'Akrotiri... Au bord de la mer, se trouve depuis de nombreuses ann\u00e9es une petite grotte traditionnelle, construite de ses propres mains par l'oncle Nikolas lorsqu'il \u00e9tait jeune. Fabriqu\u00e9e avec beaucoup d'amour et de passion, la grotte offrait une sorte d'abri \u00e0 l'oncle Nikolas et \u00e0 son petit bateau.<\/p><p>Il avait toujours \u00e0 ses c\u00f4t\u00e9s sa femme, tante Efstathia, dont la cuisine \"magique\" rendait tout le monde fou. L'inoubliable Spiros Marinatos, directeur du projet de fouilles sur le site arch\u00e9ologique d'Akrotiri, sugg\u00e9ra \u00e0 l'oncle Nicolas de transformer cet abri en une petite taverne, pour les ouvriers affam\u00e9s des fouilles, en leur offrant des mets traditionnels et d\u00e9licieux tels que des boulettes de tomate, de la fava, du fromage \"chloro\", des spaghettis en sauce et du poisson frais en abondance.<\/p><p>Au fil des ans, la grotte est devenue rapidement connue des visiteurs de l'\u00eele, car apr\u00e8s leur visite des fouilles, ils avaient l'habitude de se diriger vers la plage pour d\u00e9guster les collations populaires de tante Efstathias et le vin riche en go\u00fbt et en \u00e9pices de l'oncle Nicolas.<\/p><p>En 1981, la \"Cave de Nicolas\" a \u00e9t\u00e9 transmise \u00e0 leur fille, Margarita, qui a appris l'art de la cuisine aupr\u00e8s de l'\u00e9pouse de M. Marinatos. Son amour pour la cuisine traditionnelle et les produits locaux, qu'elle-m\u00eame et son mari Nicolas cultivent, lui a valu un prix Gourmet, en tant que meilleure taverne traditionnelle pour 2007-2008 \u00e0 Santorin.<\/p>\t            <\/div>        <\/div>\t\t\t\t<\/div>\n\t\t\t\t<\/div>\n\t\t\t\t\t<\/div>\n\t\t<\/div>\n\t\t\t\t\t<\/div>\n\t\t<\/section>\n\t\t\t\t<section class=\"elementor-section elementor-top-section elementor-element elementor-element-e02338b elementor-section-full_width elementor-section-height-min-height elementor-section-items-stretch elementor-section-height-default\" data-id=\"e02338b\" data-element_type=\"section\" data-e-type=\"section\" data-settings=\"{&quot;background_background&quot;:&quot;classic&quot;}\">\n\t\t\t\t\t\t<div class=\"elementor-container elementor-column-gap-no\">\n\t\t\t\t\t<div class=\"elementor-column elementor-col-50 elementor-top-column elementor-element elementor-element-adbb78a\" data-id=\"adbb78a\" data-element_type=\"column\" data-e-type=\"column\" data-settings=\"{&quot;background_background&quot;:&quot;classic&quot;}\">\n\t\t\t<div class=\"elementor-widget-wrap elementor-element-populated\">\n\t\t\t\t\t\t<div class=\"elementor-element elementor-element-3b289ea elementor-widget elementor-widget-spacer\" data-id=\"3b289ea\" data-element_type=\"widget\" data-e-type=\"widget\" data-widget_type=\"spacer.default\">\n\t\t\t\t<div class=\"elementor-widget-container\">\n\t\t\t\t\t\t\t<div class=\"elementor-spacer\">\n\t\t\t<div class=\"elementor-spacer-inner\"><\/div>\n\t\t<\/div>\n\t\t\t\t\t\t<\/div>\n\t\t\t\t<\/div>\n\t\t\t\t\t<\/div>\n\t\t<\/div>\n\t\t\t\t<div class=\"elementor-column elementor-col-50 elementor-top-column elementor-element elementor-element-1a1a0fa\" data-id=\"1a1a0fa\" data-element_type=\"column\" data-e-type=\"column\">\n\t\t\t<div class=\"elementor-widget-wrap elementor-element-populated\">\n\t\t\t\t\t\t<div class=\"elementor-element elementor-element-3a96998 pt-animation-medium-offset elementor-invisible elementor-widget elementor-widget-pt_title\" data-id=\"3a96998\" data-element_type=\"widget\" data-e-type=\"widget\" data-settings=\"{&quot;_animation&quot;:&quot;fadeInUp&quot;,&quot;_animation_delay&quot;:100}\" data-widget_type=\"pt_title.default\">\n\t\t\t\t<div class=\"elementor-widget-container\">\n\t\t\t\t\t\n        <div class=\"pt-title-wrap\">\t            <div class=\"pt-subtitle-wrap\"><span class=\"pt-subtitle color-secondary\">Restaurant de fruits de mer durable<\/span><\/div>\t            <h3 class=\"pt-title\">\n\t                Ami de la mer\t            <\/h3>\t            <div class=\"pt-title-text\">\n\t                <p>La durabilit\u00e9 est un concept cl\u00e9 qui se r\u00e9pand \u00e9galement dans le secteur de l'h\u00f4tellerie. <\/p><p>En nous approvisionnant en poissons et fruits de mer aupr\u00e8s de fournisseurs locaux certifi\u00e9s, nous pouvons garantir non seulement la tra\u00e7abilit\u00e9 des produits qu'ils vendent, mais aussi que les pratiques de restauration durable contribuent \u00e0 la durabilit\u00e9 et \u00e0 l'impact environnemental de nos activit\u00e9s.<\/p><p>C'est \u00e9galement dans notre propre ferme que nous produisons la plupart des produits que vous trouvez dans notre restaurant. Viande, fromage, l\u00e9gumes, vin selon un mode de production traditionnel.<\/p>\t            <\/div>        <\/div>\t\t\t\t<\/div>\n\t\t\t\t<\/div>\n\t\t\t\t\t<\/div>\n\t\t<\/div>\n\t\t\t\t\t<\/div>\n\t\t<\/section>\n\t\t\t\t<section class=\"elementor-section elementor-top-section elementor-element elementor-element-63374aa elementor-section-full_width elementor-section-height-min-height elementor-section-items-stretch elementor-reverse-mobile elementor-section-height-default\" data-id=\"63374aa\" data-element_type=\"section\" data-e-type=\"section\" data-settings=\"{&quot;background_background&quot;:&quot;classic&quot;}\">\n\t\t\t\t\t\t<div class=\"elementor-container elementor-column-gap-no\">\n\t\t\t\t\t<div class=\"elementor-column elementor-col-50 elementor-top-column elementor-element elementor-element-dbf4b56\" data-id=\"dbf4b56\" data-element_type=\"column\" data-e-type=\"column\">\n\t\t\t<div class=\"elementor-widget-wrap elementor-element-populated\">\n\t\t\t\t\t\t<div class=\"elementor-element elementor-element-7b01bb8 pt-animation-medium-offset elementor-invisible elementor-widget elementor-widget-pt_title\" data-id=\"7b01bb8\" data-element_type=\"widget\" data-e-type=\"widget\" data-settings=\"{&quot;_animation&quot;:&quot;fadeInUp&quot;,&quot;_animation_delay&quot;:100}\" data-widget_type=\"pt_title.default\">\n\t\t\t\t<div class=\"elementor-widget-container\">\n\t\t\t\t\t\n        <div class=\"pt-title-wrap\">\t            <div class=\"pt-subtitle-wrap\"><span class=\"pt-subtitle color-secondary\">Le temps est un gage de qualit\u00e9<\/span><\/div>\t            <h3 class=\"pt-title\">\n\t                QUALIT\u00c9 CERTIFI\u00c9E\t            <\/h3>\t            <div class=\"pt-title-text\">\n\t                <p>\"Toute la lutte et la joie de ma famille, l'amour que nous avons pour la gastronomie santorinienne, sont justifi\u00e9s chaque fois qu'un client ferme les yeux et appr\u00e9cie les saveurs \u00e9tonnantes de nos plats\".<\/p><p>Nikolas Alefragis (Propri\u00e9taire)<\/p>\t            <\/div>        <\/div>\t\t\t\t<\/div>\n\t\t\t\t<\/div>\n\t\t\t\t<section class=\"elementor-section elementor-inner-section elementor-element elementor-element-734efa8 elementor-section-boxed elementor-section-height-default elementor-section-height-default\" data-id=\"734efa8\" data-element_type=\"section\" data-e-type=\"section\">\n\t\t\t\t\t\t<div class=\"elementor-container elementor-column-gap-default\">\n\t\t\t\t\t<div class=\"elementor-column elementor-col-33 elementor-inner-column elementor-element elementor-element-e243600\" data-id=\"e243600\" data-element_type=\"column\" data-e-type=\"column\">\n\t\t\t<div class=\"elementor-widget-wrap elementor-element-populated\">\n\t\t\t\t\t\t<div class=\"elementor-element elementor-element-36bbc8c elementor-widget elementor-widget-image\" data-id=\"36bbc8c\" data-element_type=\"widget\" data-e-type=\"widget\" data-widget_type=\"image.default\">\n\t\t\t\t<div class=\"elementor-widget-container\">\n\t\t\t\t\t\t\t\t\t\t\t\t\t\t\t<img decoding=\"async\" width=\"187\" height=\"176\" src=\"https:\/\/nikolascave.gr\/wp-content\/uploads\/2024\/06\/fish-restaurant-certification-3.webp\" class=\"attachment-full size-full wp-image-1453\" alt=\"Certification de la meilleure taverne de poisson traditionnelle de Santorin\" \/>\t\t\t\t\t\t\t\t\t\t\t\t\t\t\t<\/div>\n\t\t\t\t<\/div>\n\t\t\t\t\t<\/div>\n\t\t<\/div>\n\t\t\t\t<div class=\"elementor-column elementor-col-33 elementor-inner-column elementor-element elementor-element-c3e5062\" data-id=\"c3e5062\" data-element_type=\"column\" data-e-type=\"column\">\n\t\t\t<div class=\"elementor-widget-wrap elementor-element-populated\">\n\t\t\t\t\t\t<div class=\"elementor-element elementor-element-709754e elementor-widget elementor-widget-image\" data-id=\"709754e\" data-element_type=\"widget\" data-e-type=\"widget\" data-widget_type=\"image.default\">\n\t\t\t\t<div class=\"elementor-widget-container\">\n\t\t\t\t\t\t\t\t\t\t\t\t\t\t\t<img decoding=\"async\" width=\"187\" height=\"176\" src=\"https:\/\/nikolascave.gr\/wp-content\/uploads\/2024\/06\/fish-restaurant-certification-1.webp\" class=\"attachment-full size-full wp-image-1451\" alt=\"Certification des produits alimentaires locaux \u00e0 Santorini\" \/>\t\t\t\t\t\t\t\t\t\t\t\t\t\t\t<\/div>\n\t\t\t\t<\/div>\n\t\t\t\t\t<\/div>\n\t\t<\/div>\n\t\t\t\t<div class=\"elementor-column elementor-col-33 elementor-inner-column elementor-element elementor-element-b873b4d\" data-id=\"b873b4d\" data-element_type=\"column\" data-e-type=\"column\">\n\t\t\t<div class=\"elementor-widget-wrap elementor-element-populated\">\n\t\t\t\t\t\t<div class=\"elementor-element elementor-element-812e743 elementor-widget elementor-widget-image\" data-id=\"812e743\" data-element_type=\"widget\" data-e-type=\"widget\" data-widget_type=\"image.default\">\n\t\t\t\t<div class=\"elementor-widget-container\">\n\t\t\t\t\t\t\t\t\t\t\t\t\t\t\t\t<a href=\"https:\/\/www.tripadvisor.com\/Restaurant_Review-g1189834-d3332213-Reviews-The_Cave_of_Nikolas-Akrotiri_Santorini_Cyclades_South_Aegean.html\" target=\"_blank\">\n\t\t\t\t\t\t\t<img decoding=\"async\" width=\"187\" height=\"176\" src=\"https:\/\/nikolascave.gr\/wp-content\/uploads\/2024\/06\/fish-restaurant-certification-2.webp\" class=\"attachment-full size-full wp-image-1452\" alt=\"TripAdvisor Taverne de poisson la mieux not\u00e9e \u00e0 Santorin\" \/>\t\t\t\t\t\t\t\t<\/a>\n\t\t\t\t\t\t\t\t\t\t\t\t\t\t\t<\/div>\n\t\t\t\t<\/div>\n\t\t\t\t\t<\/div>\n\t\t<\/div>\n\t\t\t\t\t<\/div>\n\t\t<\/section>\n\t\t\t\t\t<\/div>\n\t\t<\/div>\n\t\t\t\t<div class=\"elementor-column elementor-col-50 elementor-top-column elementor-element elementor-element-44176c4\" data-id=\"44176c4\" data-element_type=\"column\" data-e-type=\"column\" data-settings=\"{&quot;background_background&quot;:&quot;classic&quot;}\">\n\t\t\t<div class=\"elementor-widget-wrap elementor-element-populated\">\n\t\t\t\t\t\t<div class=\"elementor-element elementor-element-5b8a560 elementor-widget elementor-widget-spacer\" data-id=\"5b8a560\" data-element_type=\"widget\" data-e-type=\"widget\" data-widget_type=\"spacer.default\">\n\t\t\t\t<div class=\"elementor-widget-container\">\n\t\t\t\t\t\t\t<div class=\"elementor-spacer\">\n\t\t\t<div class=\"elementor-spacer-inner\"><\/div>\n\t\t<\/div>\n\t\t\t\t\t\t<\/div>\n\t\t\t\t<\/div>\n\t\t\t\t\t<\/div>\n\t\t<\/div>\n\t\t\t\t\t<\/div>\n\t\t<\/section>\n\t\t\t\t<section class=\"elementor-section elementor-top-section elementor-element elementor-element-642f139f pt-section-content-fullwidth elementor-section-boxed elementor-section-height-default elementor-section-height-default\" data-id=\"642f139f\" data-element_type=\"section\" data-e-type=\"section\" id=\"philosophy\" data-settings=\"{&quot;background_background&quot;:&quot;classic&quot;}\">\n\t\t\t\t\t\t<div class=\"elementor-container elementor-column-gap-no\">\n\t\t\t\t\t<div class=\"elementor-column elementor-col-100 elementor-top-column elementor-element elementor-element-152d6559\" data-id=\"152d6559\" data-element_type=\"column\" data-e-type=\"column\">\n\t\t\t<div class=\"elementor-widget-wrap elementor-element-populated\">\n\t\t\t\t\t\t<div class=\"elementor-element elementor-element-510f3066 elementor-invisible elementor-widget elementor-widget-pt_title\" data-id=\"510f3066\" data-element_type=\"widget\" data-e-type=\"widget\" data-settings=\"{&quot;_animation&quot;:&quot;fadeIn&quot;,&quot;_animation_delay&quot;:100}\" data-widget_type=\"pt_title.default\">\n\t\t\t\t<div class=\"elementor-widget-container\">\n\t\t\t\t\t\n        <div class=\"pt-title-wrap text-center\">\t            <div class=\"pt-subtitle-wrap\"><span class=\"pt-subtitle color-secondary\">PHILOSOPHIE DES FRUITS DE MER<\/span><\/div>\t            <h6 class=\"pt-title\">\n\t                Les fruits de mer sont notre passion, la fra\u00eecheur est notre mission et la qualit\u00e9 est notre engagement.\t            <\/h6>        <\/div>\t\t\t\t<\/div>\n\t\t\t\t<\/div>\n\t\t\t\t<div class=\"elementor-element elementor-element-2b86acb elementor-widget elementor-widget-video\" data-id=\"2b86acb\" data-element_type=\"widget\" data-e-type=\"widget\" data-settings=\"{&quot;youtube_url&quot;:&quot;https:\\\/\\\/youtu.be\\\/rXYQf3DnHe0&quot;,&quot;video_type&quot;:&quot;youtube&quot;,&quot;controls&quot;:&quot;yes&quot;}\" data-widget_type=\"video.default\">\n\t\t\t\t<div class=\"elementor-widget-container\">\n\t\t\t\t\t\t\t<div class=\"elementor-wrapper elementor-open-inline\">\n\t\t\t<div class=\"elementor-video\"><\/div>\t\t<\/div>\n\t\t\t\t\t\t<\/div>\n\t\t\t\t<\/div>\n\t\t\t\t\t<\/div>\n\t\t<\/div>\n\t\t\t\t\t<\/div>\n\t\t<\/section>\n\t\t\t\t<\/div>","protected":false},"excerpt":{"rendered":"<p>About US Our Story Santorini\u2026 Akrotiri beach\u2026 By the sea, lies for many years a small, traditional cave, build by Uncle Nikolas with his own hands when he was young. Made with lots of love and passion, the cave offered a kind of shelter to himself and his little boat. Always by his side was &#8230;<\/p>","protected":false},"author":1,"featured_media":0,"parent":0,"menu_order":0,"comment_status":"closed","ping_status":"closed","template":"template-wide-content.php","meta":{"_monsterinsights_skip_tracking":false,"_monsterinsights_sitenote_active":false,"_monsterinsights_sitenote_note":"","_monsterinsights_sitenote_category":0,"patiotime_single_page_hide_site_header":"","patiotime_single_page_site_header_source":"","patiotime_single_page_custom_site_header":"0","patiotime_single_page_custom_sticky_site_header":"0","patiotime_single_page_custom_page_title_margin_top_source":"","patiotime_single_page_custom_page_title_desktop_margin_top":"","patiotime_single_page_custom_page_title_tablet_margin_top":"","patiotime_single_page_custom_page_title_mobile_margin_top":"","patiotime_single_page_hide_page_title":"on","patiotime_single_page_header_section_size":"","patiotime_single_page_header_background_color":"","patiotime_single_page_header_background_position_x":"center","patiotime_single_page_header_background_position_y":"center","patiotime_single_page_header_background_size":"cover","patiotime_single_page_header_background_repeat":"off","patiotime_single_page_header_background_scroll":"on","patiotime_single_page_header_text_color":"","patiotime_single_page_header_show_breadcrumb":"","patiotime_single_page_site_footer_hide_main":"","patiotime_single_custom_site_footer_main_source":"","patiotime_single_custom_site_footer_main":"0","patiotime_single_page_site_footer_hide_above":"","patiotime_single_custom_site_footer_above_source":"","patiotime_single_custom_site_footer_above":"0","patiotime_single_page_site_footer_hide_instagram":"","patiotime_single_page_site_footer_hide_bottom":"","patiotime_single_custom_mobile_menu_source":"","patiotime_single_custom_mobile_menu":"0","patiotime_single_custom_mobile_menu_animation":"","patiotime_single_custom_mobile_menu_width":"","patiotime_single_custom_mobile_menu_custom_width":375,"footnotes":""},"class_list":["post-1232","page","type-page","status-publish","hentry"],"yoast_head":"<!-- This site is optimized with the Yoast SEO Premium plugin v25.5 (Yoast SEO v27.4) - https:\/\/yoast.com\/product\/yoast-seo-premium-wordpress\/ -->\n<title>About - The Cave of Nikolas<\/title>\n<meta name=\"robots\" content=\"index, follow, max-snippet:-1, max-image-preview:large, max-video-preview:-1\" \/>\n<link rel=\"canonical\" href=\"https:\/\/nikolascave.gr\/fr\/a-propos-de\/\" \/>\n<meta property=\"og:locale\" content=\"fr_FR\" \/>\n<meta property=\"og:type\" content=\"article\" \/>\n<meta property=\"og:title\" content=\"About\" \/>\n<meta property=\"og:description\" content=\"About US Our Story Santorini\u2026 Akrotiri beach\u2026 By the sea, lies for many years a small, traditional cave, build by Uncle Nikolas with his own hands when he was young. Made with lots of love and passion, the cave offered a kind of shelter to himself and his little boat. Always by his side was ...\" \/>\n<meta property=\"og:url\" content=\"https:\/\/nikolascave.gr\/fr\/a-propos-de\/\" \/>\n<meta property=\"og:site_name\" content=\"The Cave of Nikolas\" \/>\n<meta property=\"article:publisher\" content=\"https:\/\/www.facebook.com\/santorini.cave.nikolas\/\" \/>\n<meta property=\"article:modified_time\" content=\"2025-05-22T16:16:31+00:00\" \/>\n<meta property=\"og:image\" content=\"https:\/\/nikolascave.gr\/wp-content\/uploads\/2024\/06\/fish-restaurant-certification-3.webp\" \/>\n\t<meta property=\"og:image:width\" content=\"187\" \/>\n\t<meta property=\"og:image:height\" content=\"176\" \/>\n\t<meta property=\"og:image:type\" content=\"image\/webp\" \/>\n<meta name=\"twitter:card\" content=\"summary_large_image\" \/>\n<meta name=\"twitter:label1\" content=\"Dur\u00e9e de lecture estim\u00e9e\" \/>\n\t<meta name=\"twitter:data1\" content=\"3 minutes\" \/>\n<script type=\"application\/ld+json\" class=\"yoast-schema-graph\">{\"@context\":\"https:\\\/\\\/schema.org\",\"@graph\":[{\"@type\":\"WebPage\",\"@id\":\"https:\\\/\\\/nikolascave.gr\\\/about\\\/\",\"url\":\"https:\\\/\\\/nikolascave.gr\\\/about\\\/\",\"name\":\"About - The Cave of Nikolas\",\"isPartOf\":{\"@id\":\"https:\\\/\\\/nikolascave.gr\\\/#website\"},\"primaryImageOfPage\":{\"@id\":\"https:\\\/\\\/nikolascave.gr\\\/about\\\/#primaryimage\"},\"image\":{\"@id\":\"https:\\\/\\\/nikolascave.gr\\\/about\\\/#primaryimage\"},\"thumbnailUrl\":\"https:\\\/\\\/nikolascave.gr\\\/wp-content\\\/uploads\\\/2024\\\/06\\\/fish-restaurant-certification-3.webp\",\"datePublished\":\"2022-04-26T07:29:35+00:00\",\"dateModified\":\"2025-05-22T16:16:31+00:00\",\"breadcrumb\":{\"@id\":\"https:\\\/\\\/nikolascave.gr\\\/about\\\/#breadcrumb\"},\"inLanguage\":\"fr-FR\",\"potentialAction\":[{\"@type\":\"ReadAction\",\"target\":[\"https:\\\/\\\/nikolascave.gr\\\/about\\\/\"]}]},{\"@type\":\"ImageObject\",\"inLanguage\":\"fr-FR\",\"@id\":\"https:\\\/\\\/nikolascave.gr\\\/about\\\/#primaryimage\",\"url\":\"https:\\\/\\\/nikolascave.gr\\\/wp-content\\\/uploads\\\/2024\\\/06\\\/fish-restaurant-certification-3.webp\",\"contentUrl\":\"https:\\\/\\\/nikolascave.gr\\\/wp-content\\\/uploads\\\/2024\\\/06\\\/fish-restaurant-certification-3.webp\"},{\"@type\":\"BreadcrumbList\",\"@id\":\"https:\\\/\\\/nikolascave.gr\\\/about\\\/#breadcrumb\",\"itemListElement\":[{\"@type\":\"ListItem\",\"position\":1,\"name\":\"Home\",\"item\":\"https:\\\/\\\/nikolascave.gr\\\/\"},{\"@type\":\"ListItem\",\"position\":2,\"name\":\"About\"}]},{\"@type\":\"WebSite\",\"@id\":\"https:\\\/\\\/nikolascave.gr\\\/#website\",\"url\":\"https:\\\/\\\/nikolascave.gr\\\/\",\"name\":\"The Cave of Nikolas\",\"description\":\"The Best Fish Tavern in Santorini\",\"publisher\":{\"@id\":\"https:\\\/\\\/nikolascave.gr\\\/#organization\"},\"potentialAction\":[{\"@type\":\"SearchAction\",\"target\":{\"@type\":\"EntryPoint\",\"urlTemplate\":\"https:\\\/\\\/nikolascave.gr\\\/?s={search_term_string}\"},\"query-input\":{\"@type\":\"PropertyValueSpecification\",\"valueRequired\":true,\"valueName\":\"search_term_string\"}}],\"inLanguage\":\"fr-FR\"},{\"@type\":\"Organization\",\"@id\":\"https:\\\/\\\/nikolascave.gr\\\/#organization\",\"name\":\"The Cave of Nikolas\",\"url\":\"https:\\\/\\\/nikolascave.gr\\\/\",\"logo\":{\"@type\":\"ImageObject\",\"inLanguage\":\"fr-FR\",\"@id\":\"https:\\\/\\\/nikolascave.gr\\\/#\\\/schema\\\/logo\\\/image\\\/\",\"url\":\"https:\\\/\\\/nikolascave.gr\\\/wp-content\\\/uploads\\\/2022\\\/04\\\/fish-restaurant-santorini-main-logo.png\",\"contentUrl\":\"https:\\\/\\\/nikolascave.gr\\\/wp-content\\\/uploads\\\/2022\\\/04\\\/fish-restaurant-santorini-main-logo.png\",\"width\":348,\"height\":69,\"caption\":\"The Cave of Nikolas\"},\"image\":{\"@id\":\"https:\\\/\\\/nikolascave.gr\\\/#\\\/schema\\\/logo\\\/image\\\/\"},\"sameAs\":[\"https:\\\/\\\/www.facebook.com\\\/santorini.cave.nikolas\\\/\"],\"publishingPrinciples\":\"https:\\\/\\\/nikolascave.gr\\\/\",\"ownershipFundingInfo\":\"https:\\\/\\\/nikolascave.gr\\\/about\\\/\"}]}<\/script>\n<!-- \/ Yoast SEO Premium plugin. -->","yoast_head_json":{"title":"\u00c0 propos - La grotte de Nikolas","robots":{"index":"index","follow":"follow","max-snippet":"max-snippet:-1","max-image-preview":"max-image-preview:large","max-video-preview":"max-video-preview:-1"},"canonical":"https:\/\/nikolascave.gr\/fr\/a-propos-de\/","og_locale":"fr_FR","og_type":"article","og_title":"About","og_description":"About US Our Story Santorini\u2026 Akrotiri beach\u2026 By the sea, lies for many years a small, traditional cave, build by Uncle Nikolas with his own hands when he was young. Made with lots of love and passion, the cave offered a kind of shelter to himself and his little boat. Always by his side was ...","og_url":"https:\/\/nikolascave.gr\/fr\/a-propos-de\/","og_site_name":"The Cave of Nikolas","article_publisher":"https:\/\/www.facebook.com\/santorini.cave.nikolas\/","article_modified_time":"2025-05-22T16:16:31+00:00","og_image":[{"width":187,"height":176,"url":"https:\/\/nikolascave.gr\/wp-content\/uploads\/2024\/06\/fish-restaurant-certification-3.webp","type":"image\/webp"}],"twitter_card":"summary_large_image","twitter_misc":{"Dur\u00e9e de lecture estim\u00e9e":"3 minutes"},"schema":{"@context":"https:\/\/schema.org","@graph":[{"@type":"WebPage","@id":"https:\/\/nikolascave.gr\/about\/","url":"https:\/\/nikolascave.gr\/about\/","name":"\u00c0 propos - La grotte de Nikolas","isPartOf":{"@id":"https:\/\/nikolascave.gr\/#website"},"primaryImageOfPage":{"@id":"https:\/\/nikolascave.gr\/about\/#primaryimage"},"image":{"@id":"https:\/\/nikolascave.gr\/about\/#primaryimage"},"thumbnailUrl":"https:\/\/nikolascave.gr\/wp-content\/uploads\/2024\/06\/fish-restaurant-certification-3.webp","datePublished":"2022-04-26T07:29:35+00:00","dateModified":"2025-05-22T16:16:31+00:00","breadcrumb":{"@id":"https:\/\/nikolascave.gr\/about\/#breadcrumb"},"inLanguage":"fr-FR","potentialAction":[{"@type":"ReadAction","target":["https:\/\/nikolascave.gr\/about\/"]}]},{"@type":"ImageObject","inLanguage":"fr-FR","@id":"https:\/\/nikolascave.gr\/about\/#primaryimage","url":"https:\/\/nikolascave.gr\/wp-content\/uploads\/2024\/06\/fish-restaurant-certification-3.webp","contentUrl":"https:\/\/nikolascave.gr\/wp-content\/uploads\/2024\/06\/fish-restaurant-certification-3.webp"},{"@type":"BreadcrumbList","@id":"https:\/\/nikolascave.gr\/about\/#breadcrumb","itemListElement":[{"@type":"ListItem","position":1,"name":"Home","item":"https:\/\/nikolascave.gr\/"},{"@type":"ListItem","position":2,"name":"About"}]},{"@type":"WebSite","@id":"https:\/\/nikolascave.gr\/#website","url":"https:\/\/nikolascave.gr\/","name":"La grotte de Nikolas","description":"La meilleure taverne \u00e0 poissons de Santorin","publisher":{"@id":"https:\/\/nikolascave.gr\/#organization"},"potentialAction":[{"@type":"SearchAction","target":{"@type":"EntryPoint","urlTemplate":"https:\/\/nikolascave.gr\/?s={search_term_string}"},"query-input":{"@type":"PropertyValueSpecification","valueRequired":true,"valueName":"search_term_string"}}],"inLanguage":"fr-FR"},{"@type":"Organization","@id":"https:\/\/nikolascave.gr\/#organization","name":"La grotte de Nikolas","url":"https:\/\/nikolascave.gr\/","logo":{"@type":"ImageObject","inLanguage":"fr-FR","@id":"https:\/\/nikolascave.gr\/#\/schema\/logo\/image\/","url":"https:\/\/nikolascave.gr\/wp-content\/uploads\/2022\/04\/fish-restaurant-santorini-main-logo.png","contentUrl":"https:\/\/nikolascave.gr\/wp-content\/uploads\/2022\/04\/fish-restaurant-santorini-main-logo.png","width":348,"height":69,"caption":"The Cave of Nikolas"},"image":{"@id":"https:\/\/nikolascave.gr\/#\/schema\/logo\/image\/"},"sameAs":["https:\/\/www.facebook.com\/santorini.cave.nikolas\/"],"publishingPrinciples":"https:\/\/nikolascave.gr\/","ownershipFundingInfo":"https:\/\/nikolascave.gr\/about\/"}]}},"_links":{"self":[{"href":"https:\/\/nikolascave.gr\/fr\/wp-json\/wp\/v2\/pages\/1232","targetHints":{"allow":["GET"]}}],"collection":[{"href":"https:\/\/nikolascave.gr\/fr\/wp-json\/wp\/v2\/pages"}],"about":[{"href":"https:\/\/nikolascave.gr\/fr\/wp-json\/wp\/v2\/types\/page"}],"author":[{"embeddable":true,"href":"https:\/\/nikolascave.gr\/fr\/wp-json\/wp\/v2\/users\/1"}],"replies":[{"embeddable":true,"href":"https:\/\/nikolascave.gr\/fr\/wp-json\/wp\/v2\/comments?post=1232"}],"version-history":[{"count":46,"href":"https:\/\/nikolascave.gr\/fr\/wp-json\/wp\/v2\/pages\/1232\/revisions"}],"predecessor-version":[{"id":2258,"href":"https:\/\/nikolascave.gr\/fr\/wp-json\/wp\/v2\/pages\/1232\/revisions\/2258"}],"wp:attachment":[{"href":"https:\/\/nikolascave.gr\/fr\/wp-json\/wp\/v2\/media?parent=1232"}],"curies":[{"name":"wp","href":"https:\/\/api.w.org\/{rel}","templated":true}]}}