{"id":1232,"date":"2022-04-26T07:29:35","date_gmt":"2022-04-26T07:29:35","guid":{"rendered":"https:\/\/patiotime.loftocean.com\/demo4\/?page_id=11"},"modified":"2025-05-22T19:16:31","modified_gmt":"2025-05-22T16:16:31","slug":"acerca-de","status":"publish","type":"page","link":"https:\/\/nikolascave.gr\/es\/acerca-de\/","title":{"rendered":"Acerca de"},"content":{"rendered":"<div data-elementor-type=\"wp-page\" data-elementor-id=\"1232\" class=\"elementor elementor-1232\">\n\t\t\t\t\t\t<section class=\"elementor-section elementor-top-section elementor-element elementor-element-bc11931 elementor-section-height-min-height elementor-section-items-stretch elementor-reverse-mobile elementor-section-boxed elementor-section-height-default\" data-id=\"bc11931\" data-element_type=\"section\" data-e-type=\"section\" data-settings=\"{&quot;background_background&quot;:&quot;classic&quot;}\">\n\t\t\t\t\t\t<div class=\"elementor-container elementor-column-gap-no\">\n\t\t\t\t\t<div class=\"elementor-column elementor-col-100 elementor-top-column elementor-element elementor-element-c40fadf\" data-id=\"c40fadf\" data-element_type=\"column\" data-e-type=\"column\">\n\t\t\t<div class=\"elementor-widget-wrap elementor-element-populated\">\n\t\t\t\t\t\t<div class=\"elementor-element elementor-element-ba0c37d elementor-widget elementor-widget-pt_title\" data-id=\"ba0c37d\" data-element_type=\"widget\" data-e-type=\"widget\" data-widget_type=\"pt_title.default\">\n\t\t\t\t<div class=\"elementor-widget-container\">\n\t\t\t\t\t\n        <div class=\"pt-title-wrap\">\t            <div class=\"pt-subtitle-wrap\"><span class=\"pt-subtitle color-secondary\">Qui\u00e9nes somos<\/span><\/div>\t            <h3 class=\"pt-title\">\n\t                Nuestra historia\t            <\/h3>\t            <div class=\"pt-title-text\">\n\t                <p>Santorini... Playa de Akrotiri... Junto al mar, yace desde hace muchos a\u00f1os una peque\u00f1a cueva tradicional, construida por el t\u00edo Nikolas con sus propias manos cuando era joven. Hecha con mucho amor y pasi\u00f3n, la cueva ofrec\u00eda una especie de refugio para \u00e9l y su peque\u00f1o barco.<\/p><p>Siempre a su lado estaba su mujer, la t\u00eda Efstathia, a quien su cocina \"m\u00e1gica\" volv\u00eda loco a todo el mundo. El inolvidable Spiros Marinatos, director del proyecto de excavaci\u00f3n en el yacimiento arqueol\u00f3gico de Akrotiri, sugiri\u00f3 al t\u00edo Nicolas que transformara este refugio en una peque\u00f1a taberna, para los hambrientos obreros de la excavaci\u00f3n, ofreci\u00e9ndoles manjares tradicionales y deliciosos como bolas de tomate, fava, queso \"chloro\", espaguetis con salsa y abundante pescado fresco.<\/p><p>Con el paso de los a\u00f1os, la cueva se hizo r\u00e1pidamente conocida por los visitantes de la isla, ya que tras su visita a la excavaci\u00f3n sol\u00edan dirigirse a la playa para degustar los populares aperitivos de la t\u00eda Efstathias y el vino rico en sabor y especias del t\u00edo Nicol\u00e1s.<\/p><p>En 1981, la \"Cueva de Nicolas\" pas\u00f3 a manos de su hija, Margarita, que aprendi\u00f3 el arte de la cocina de la esposa del Sr. Marinatos. Su amor por la cocina tradicional y los productos locales, que ella misma y su marido, Nicolas cultivan, le vali\u00f3 un Premio Gourmet, como mejor taberna tradicional de 2007-2008 en Santorini.<\/p>\t            <\/div>        <\/div>\t\t\t\t<\/div>\n\t\t\t\t<\/div>\n\t\t\t\t\t<\/div>\n\t\t<\/div>\n\t\t\t\t\t<\/div>\n\t\t<\/section>\n\t\t\t\t<section class=\"elementor-section elementor-top-section elementor-element elementor-element-e02338b elementor-section-full_width elementor-section-height-min-height elementor-section-items-stretch elementor-section-height-default\" data-id=\"e02338b\" data-element_type=\"section\" data-e-type=\"section\" data-settings=\"{&quot;background_background&quot;:&quot;classic&quot;}\">\n\t\t\t\t\t\t<div class=\"elementor-container elementor-column-gap-no\">\n\t\t\t\t\t<div class=\"elementor-column elementor-col-50 elementor-top-column elementor-element elementor-element-adbb78a\" data-id=\"adbb78a\" data-element_type=\"column\" data-e-type=\"column\" data-settings=\"{&quot;background_background&quot;:&quot;classic&quot;}\">\n\t\t\t<div class=\"elementor-widget-wrap elementor-element-populated\">\n\t\t\t\t\t\t<div class=\"elementor-element elementor-element-3b289ea elementor-widget elementor-widget-spacer\" data-id=\"3b289ea\" data-element_type=\"widget\" data-e-type=\"widget\" data-widget_type=\"spacer.default\">\n\t\t\t\t<div class=\"elementor-widget-container\">\n\t\t\t\t\t\t\t<div class=\"elementor-spacer\">\n\t\t\t<div class=\"elementor-spacer-inner\"><\/div>\n\t\t<\/div>\n\t\t\t\t\t\t<\/div>\n\t\t\t\t<\/div>\n\t\t\t\t\t<\/div>\n\t\t<\/div>\n\t\t\t\t<div class=\"elementor-column elementor-col-50 elementor-top-column elementor-element elementor-element-1a1a0fa\" data-id=\"1a1a0fa\" data-element_type=\"column\" data-e-type=\"column\">\n\t\t\t<div class=\"elementor-widget-wrap elementor-element-populated\">\n\t\t\t\t\t\t<div class=\"elementor-element elementor-element-3a96998 pt-animation-medium-offset elementor-invisible elementor-widget elementor-widget-pt_title\" data-id=\"3a96998\" data-element_type=\"widget\" data-e-type=\"widget\" data-settings=\"{&quot;_animation&quot;:&quot;fadeInUp&quot;,&quot;_animation_delay&quot;:100}\" data-widget_type=\"pt_title.default\">\n\t\t\t\t<div class=\"elementor-widget-container\">\n\t\t\t\t\t\n        <div class=\"pt-title-wrap\">\t            <div class=\"pt-subtitle-wrap\"><span class=\"pt-subtitle color-secondary\">Marisquer\u00eda sostenible<\/span><\/div>\t            <h3 class=\"pt-title\">\n\t                Amigo del mar\t            <\/h3>\t            <div class=\"pt-title-text\">\n\t                <p>La sostenibilidad es un concepto clave que tambi\u00e9n se est\u00e1 extendiendo al sector de la hosteler\u00eda. <\/p><p>Al abastecernos de pescado y marisco de proveedores locales certificados, podemos garantizar no s\u00f3lo la trazabilidad de los productos que venden, sino tambi\u00e9n que las pr\u00e1cticas sostenibles de los restaurantes contribuyen a la sostenibilidad y al impacto medioambiental de nuestras operaciones.<\/p><p>Tambi\u00e9n en nuestra propia granja producimos la mayor\u00eda de los productos que se encuentran en nuestro restaurante. Carne, queso, verduras, vino con la forma tradicional de producci\u00f3n.<\/p>\t            <\/div>        <\/div>\t\t\t\t<\/div>\n\t\t\t\t<\/div>\n\t\t\t\t\t<\/div>\n\t\t<\/div>\n\t\t\t\t\t<\/div>\n\t\t<\/section>\n\t\t\t\t<section class=\"elementor-section elementor-top-section elementor-element elementor-element-63374aa elementor-section-full_width elementor-section-height-min-height elementor-section-items-stretch elementor-reverse-mobile elementor-section-height-default\" data-id=\"63374aa\" data-element_type=\"section\" data-e-type=\"section\" data-settings=\"{&quot;background_background&quot;:&quot;classic&quot;}\">\n\t\t\t\t\t\t<div class=\"elementor-container elementor-column-gap-no\">\n\t\t\t\t\t<div class=\"elementor-column elementor-col-50 elementor-top-column elementor-element elementor-element-dbf4b56\" data-id=\"dbf4b56\" data-element_type=\"column\" data-e-type=\"column\">\n\t\t\t<div class=\"elementor-widget-wrap elementor-element-populated\">\n\t\t\t\t\t\t<div class=\"elementor-element elementor-element-7b01bb8 pt-animation-medium-offset elementor-invisible elementor-widget elementor-widget-pt_title\" data-id=\"7b01bb8\" data-element_type=\"widget\" data-e-type=\"widget\" data-settings=\"{&quot;_animation&quot;:&quot;fadeInUp&quot;,&quot;_animation_delay&quot;:100}\" data-widget_type=\"pt_title.default\">\n\t\t\t\t<div class=\"elementor-widget-container\">\n\t\t\t\t\t\n        <div class=\"pt-title-wrap\">\t            <div class=\"pt-subtitle-wrap\"><span class=\"pt-subtitle color-secondary\">El tiempo demuestra la calidad<\/span><\/div>\t            <h3 class=\"pt-title\">\n\t                CALIDAD CERTIFICADA\t            <\/h3>\t            <div class=\"pt-title-text\">\n\t                <p>\"Toda la lucha y la alegr\u00eda de mi familia, el amor que sentimos por la gastronom\u00eda de Santorini, se reivindican cada vez que un cliente cierra los ojos y disfruta de los incre\u00edbles sabores de nuestros platos\".<\/p><p>Nikolas Alefragis (Propietario)<\/p>\t            <\/div>        <\/div>\t\t\t\t<\/div>\n\t\t\t\t<\/div>\n\t\t\t\t<section class=\"elementor-section elementor-inner-section elementor-element elementor-element-734efa8 elementor-section-boxed elementor-section-height-default elementor-section-height-default\" data-id=\"734efa8\" data-element_type=\"section\" data-e-type=\"section\">\n\t\t\t\t\t\t<div class=\"elementor-container elementor-column-gap-default\">\n\t\t\t\t\t<div class=\"elementor-column elementor-col-33 elementor-inner-column elementor-element elementor-element-e243600\" data-id=\"e243600\" data-element_type=\"column\" data-e-type=\"column\">\n\t\t\t<div class=\"elementor-widget-wrap elementor-element-populated\">\n\t\t\t\t\t\t<div class=\"elementor-element elementor-element-36bbc8c elementor-widget elementor-widget-image\" data-id=\"36bbc8c\" data-element_type=\"widget\" data-e-type=\"widget\" data-widget_type=\"image.default\">\n\t\t\t\t<div class=\"elementor-widget-container\">\n\t\t\t\t\t\t\t\t\t\t\t\t\t\t\t<img decoding=\"async\" width=\"187\" height=\"176\" src=\"https:\/\/nikolascave.gr\/wp-content\/uploads\/2024\/06\/fish-restaurant-certification-3.webp\" class=\"attachment-full size-full wp-image-1453\" alt=\"Certificaci\u00f3n de la Mejor Taberna de Pescado Tradicional de Santorini\" \/>\t\t\t\t\t\t\t\t\t\t\t\t\t\t\t<\/div>\n\t\t\t\t<\/div>\n\t\t\t\t\t<\/div>\n\t\t<\/div>\n\t\t\t\t<div class=\"elementor-column elementor-col-33 elementor-inner-column elementor-element elementor-element-c3e5062\" data-id=\"c3e5062\" data-element_type=\"column\" data-e-type=\"column\">\n\t\t\t<div class=\"elementor-widget-wrap elementor-element-populated\">\n\t\t\t\t\t\t<div class=\"elementor-element elementor-element-709754e elementor-widget elementor-widget-image\" data-id=\"709754e\" data-element_type=\"widget\" data-e-type=\"widget\" data-widget_type=\"image.default\">\n\t\t\t\t<div class=\"elementor-widget-container\">\n\t\t\t\t\t\t\t\t\t\t\t\t\t\t\t<img decoding=\"async\" width=\"187\" height=\"176\" src=\"https:\/\/nikolascave.gr\/wp-content\/uploads\/2024\/06\/fish-restaurant-certification-1.webp\" class=\"attachment-full size-full wp-image-1451\" alt=\"Certificaci\u00f3n de los productos alimentarios producidos en casa en Santorini\" \/>\t\t\t\t\t\t\t\t\t\t\t\t\t\t\t<\/div>\n\t\t\t\t<\/div>\n\t\t\t\t\t<\/div>\n\t\t<\/div>\n\t\t\t\t<div class=\"elementor-column elementor-col-33 elementor-inner-column elementor-element elementor-element-b873b4d\" data-id=\"b873b4d\" data-element_type=\"column\" data-e-type=\"column\">\n\t\t\t<div class=\"elementor-widget-wrap elementor-element-populated\">\n\t\t\t\t\t\t<div class=\"elementor-element elementor-element-812e743 elementor-widget elementor-widget-image\" data-id=\"812e743\" data-element_type=\"widget\" data-e-type=\"widget\" data-widget_type=\"image.default\">\n\t\t\t\t<div class=\"elementor-widget-container\">\n\t\t\t\t\t\t\t\t\t\t\t\t\t\t\t\t<a href=\"https:\/\/www.tripadvisor.com\/Restaurant_Review-g1189834-d3332213-Reviews-The_Cave_of_Nikolas-Akrotiri_Santorini_Cyclades_South_Aegean.html\" target=\"_blank\">\n\t\t\t\t\t\t\t<img decoding=\"async\" width=\"187\" height=\"176\" src=\"https:\/\/nikolascave.gr\/wp-content\/uploads\/2024\/06\/fish-restaurant-certification-2.webp\" class=\"attachment-full size-full wp-image-1452\" alt=\"TripAdvisor Taberna de pescado mejor valorada de Santorini\" \/>\t\t\t\t\t\t\t\t<\/a>\n\t\t\t\t\t\t\t\t\t\t\t\t\t\t\t<\/div>\n\t\t\t\t<\/div>\n\t\t\t\t\t<\/div>\n\t\t<\/div>\n\t\t\t\t\t<\/div>\n\t\t<\/section>\n\t\t\t\t\t<\/div>\n\t\t<\/div>\n\t\t\t\t<div class=\"elementor-column elementor-col-50 elementor-top-column elementor-element elementor-element-44176c4\" data-id=\"44176c4\" data-element_type=\"column\" data-e-type=\"column\" data-settings=\"{&quot;background_background&quot;:&quot;classic&quot;}\">\n\t\t\t<div class=\"elementor-widget-wrap elementor-element-populated\">\n\t\t\t\t\t\t<div class=\"elementor-element elementor-element-5b8a560 elementor-widget elementor-widget-spacer\" data-id=\"5b8a560\" data-element_type=\"widget\" data-e-type=\"widget\" data-widget_type=\"spacer.default\">\n\t\t\t\t<div class=\"elementor-widget-container\">\n\t\t\t\t\t\t\t<div class=\"elementor-spacer\">\n\t\t\t<div class=\"elementor-spacer-inner\"><\/div>\n\t\t<\/div>\n\t\t\t\t\t\t<\/div>\n\t\t\t\t<\/div>\n\t\t\t\t\t<\/div>\n\t\t<\/div>\n\t\t\t\t\t<\/div>\n\t\t<\/section>\n\t\t\t\t<section class=\"elementor-section elementor-top-section elementor-element elementor-element-642f139f pt-section-content-fullwidth elementor-section-boxed elementor-section-height-default elementor-section-height-default\" data-id=\"642f139f\" data-element_type=\"section\" data-e-type=\"section\" id=\"philosophy\" data-settings=\"{&quot;background_background&quot;:&quot;classic&quot;}\">\n\t\t\t\t\t\t<div class=\"elementor-container elementor-column-gap-no\">\n\t\t\t\t\t<div class=\"elementor-column elementor-col-100 elementor-top-column elementor-element elementor-element-152d6559\" data-id=\"152d6559\" data-element_type=\"column\" data-e-type=\"column\">\n\t\t\t<div class=\"elementor-widget-wrap elementor-element-populated\">\n\t\t\t\t\t\t<div class=\"elementor-element elementor-element-510f3066 elementor-invisible elementor-widget elementor-widget-pt_title\" data-id=\"510f3066\" data-element_type=\"widget\" data-e-type=\"widget\" data-settings=\"{&quot;_animation&quot;:&quot;fadeIn&quot;,&quot;_animation_delay&quot;:100}\" data-widget_type=\"pt_title.default\">\n\t\t\t\t<div class=\"elementor-widget-container\">\n\t\t\t\t\t\n        <div class=\"pt-title-wrap text-center\">\t            <div class=\"pt-subtitle-wrap\"><span class=\"pt-subtitle color-secondary\">FILOSOF\u00cdA DEL MARISCO<\/span><\/div>\t            <h6 class=\"pt-title\">\n\t                El marisco es nuestra pasi\u00f3n, la frescura nuestra misi\u00f3n y la calidad nuestro compromiso.\t            <\/h6>        <\/div>\t\t\t\t<\/div>\n\t\t\t\t<\/div>\n\t\t\t\t<div class=\"elementor-element elementor-element-2b86acb elementor-widget elementor-widget-video\" data-id=\"2b86acb\" data-element_type=\"widget\" data-e-type=\"widget\" data-settings=\"{&quot;youtube_url&quot;:&quot;https:\\\/\\\/youtu.be\\\/rXYQf3DnHe0&quot;,&quot;video_type&quot;:&quot;youtube&quot;,&quot;controls&quot;:&quot;yes&quot;}\" data-widget_type=\"video.default\">\n\t\t\t\t<div class=\"elementor-widget-container\">\n\t\t\t\t\t\t\t<div class=\"elementor-wrapper elementor-open-inline\">\n\t\t\t<div class=\"elementor-video\"><\/div>\t\t<\/div>\n\t\t\t\t\t\t<\/div>\n\t\t\t\t<\/div>\n\t\t\t\t\t<\/div>\n\t\t<\/div>\n\t\t\t\t\t<\/div>\n\t\t<\/section>\n\t\t\t\t<\/div>","protected":false},"excerpt":{"rendered":"<p>About US Our Story Santorini\u2026 Akrotiri beach\u2026 By the sea, lies for many years a small, traditional cave, build by Uncle Nikolas with his own hands when he was young. Made with lots of love and passion, the cave offered a kind of shelter to himself and his little boat. Always by his side was &#8230;<\/p>","protected":false},"author":1,"featured_media":0,"parent":0,"menu_order":0,"comment_status":"closed","ping_status":"closed","template":"template-wide-content.php","meta":{"_monsterinsights_skip_tracking":false,"_monsterinsights_sitenote_active":false,"_monsterinsights_sitenote_note":"","_monsterinsights_sitenote_category":0,"patiotime_single_page_hide_site_header":"","patiotime_single_page_site_header_source":"","patiotime_single_page_custom_site_header":"0","patiotime_single_page_custom_sticky_site_header":"0","patiotime_single_page_custom_page_title_margin_top_source":"","patiotime_single_page_custom_page_title_desktop_margin_top":"","patiotime_single_page_custom_page_title_tablet_margin_top":"","patiotime_single_page_custom_page_title_mobile_margin_top":"","patiotime_single_page_hide_page_title":"on","patiotime_single_page_header_section_size":"","patiotime_single_page_header_background_color":"","patiotime_single_page_header_background_position_x":"center","patiotime_single_page_header_background_position_y":"center","patiotime_single_page_header_background_size":"cover","patiotime_single_page_header_background_repeat":"off","patiotime_single_page_header_background_scroll":"on","patiotime_single_page_header_text_color":"","patiotime_single_page_header_show_breadcrumb":"","patiotime_single_page_site_footer_hide_main":"","patiotime_single_custom_site_footer_main_source":"","patiotime_single_custom_site_footer_main":"0","patiotime_single_page_site_footer_hide_above":"","patiotime_single_custom_site_footer_above_source":"","patiotime_single_custom_site_footer_above":"0","patiotime_single_page_site_footer_hide_instagram":"","patiotime_single_page_site_footer_hide_bottom":"","patiotime_single_custom_mobile_menu_source":"","patiotime_single_custom_mobile_menu":"0","patiotime_single_custom_mobile_menu_animation":"","patiotime_single_custom_mobile_menu_width":"","patiotime_single_custom_mobile_menu_custom_width":375,"footnotes":""},"class_list":["post-1232","page","type-page","status-publish","hentry"],"yoast_head":"<!-- This site is optimized with the Yoast SEO Premium plugin v25.5 (Yoast SEO v27.4) - https:\/\/yoast.com\/product\/yoast-seo-premium-wordpress\/ -->\n<title>About - The Cave of Nikolas<\/title>\n<meta name=\"robots\" content=\"index, follow, max-snippet:-1, max-image-preview:large, max-video-preview:-1\" \/>\n<link rel=\"canonical\" href=\"https:\/\/nikolascave.gr\/es\/acerca-de\/\" \/>\n<meta property=\"og:locale\" content=\"es_ES\" \/>\n<meta property=\"og:type\" content=\"article\" \/>\n<meta property=\"og:title\" content=\"About\" \/>\n<meta property=\"og:description\" content=\"About US Our Story Santorini\u2026 Akrotiri beach\u2026 By the sea, lies for many years a small, traditional cave, build by Uncle Nikolas with his own hands when he was young. Made with lots of love and passion, the cave offered a kind of shelter to himself and his little boat. Always by his side was ...\" \/>\n<meta property=\"og:url\" content=\"https:\/\/nikolascave.gr\/es\/acerca-de\/\" \/>\n<meta property=\"og:site_name\" content=\"The Cave of Nikolas\" \/>\n<meta property=\"article:publisher\" content=\"https:\/\/www.facebook.com\/santorini.cave.nikolas\/\" \/>\n<meta property=\"article:modified_time\" content=\"2025-05-22T16:16:31+00:00\" \/>\n<meta property=\"og:image\" content=\"https:\/\/nikolascave.gr\/wp-content\/uploads\/2024\/06\/fish-restaurant-certification-3.webp\" \/>\n\t<meta property=\"og:image:width\" content=\"187\" \/>\n\t<meta property=\"og:image:height\" content=\"176\" \/>\n\t<meta property=\"og:image:type\" content=\"image\/webp\" \/>\n<meta name=\"twitter:card\" content=\"summary_large_image\" \/>\n<meta name=\"twitter:label1\" content=\"Tiempo de lectura\" \/>\n\t<meta name=\"twitter:data1\" content=\"3 minutos\" \/>\n<script type=\"application\/ld+json\" class=\"yoast-schema-graph\">{\"@context\":\"https:\\\/\\\/schema.org\",\"@graph\":[{\"@type\":\"WebPage\",\"@id\":\"https:\\\/\\\/nikolascave.gr\\\/about\\\/\",\"url\":\"https:\\\/\\\/nikolascave.gr\\\/about\\\/\",\"name\":\"About - The Cave of Nikolas\",\"isPartOf\":{\"@id\":\"https:\\\/\\\/nikolascave.gr\\\/#website\"},\"primaryImageOfPage\":{\"@id\":\"https:\\\/\\\/nikolascave.gr\\\/about\\\/#primaryimage\"},\"image\":{\"@id\":\"https:\\\/\\\/nikolascave.gr\\\/about\\\/#primaryimage\"},\"thumbnailUrl\":\"https:\\\/\\\/nikolascave.gr\\\/wp-content\\\/uploads\\\/2024\\\/06\\\/fish-restaurant-certification-3.webp\",\"datePublished\":\"2022-04-26T07:29:35+00:00\",\"dateModified\":\"2025-05-22T16:16:31+00:00\",\"breadcrumb\":{\"@id\":\"https:\\\/\\\/nikolascave.gr\\\/about\\\/#breadcrumb\"},\"inLanguage\":\"es\",\"potentialAction\":[{\"@type\":\"ReadAction\",\"target\":[\"https:\\\/\\\/nikolascave.gr\\\/about\\\/\"]}]},{\"@type\":\"ImageObject\",\"inLanguage\":\"es\",\"@id\":\"https:\\\/\\\/nikolascave.gr\\\/about\\\/#primaryimage\",\"url\":\"https:\\\/\\\/nikolascave.gr\\\/wp-content\\\/uploads\\\/2024\\\/06\\\/fish-restaurant-certification-3.webp\",\"contentUrl\":\"https:\\\/\\\/nikolascave.gr\\\/wp-content\\\/uploads\\\/2024\\\/06\\\/fish-restaurant-certification-3.webp\"},{\"@type\":\"BreadcrumbList\",\"@id\":\"https:\\\/\\\/nikolascave.gr\\\/about\\\/#breadcrumb\",\"itemListElement\":[{\"@type\":\"ListItem\",\"position\":1,\"name\":\"Home\",\"item\":\"https:\\\/\\\/nikolascave.gr\\\/\"},{\"@type\":\"ListItem\",\"position\":2,\"name\":\"About\"}]},{\"@type\":\"WebSite\",\"@id\":\"https:\\\/\\\/nikolascave.gr\\\/#website\",\"url\":\"https:\\\/\\\/nikolascave.gr\\\/\",\"name\":\"The Cave of Nikolas\",\"description\":\"The Best Fish Tavern in Santorini\",\"publisher\":{\"@id\":\"https:\\\/\\\/nikolascave.gr\\\/#organization\"},\"potentialAction\":[{\"@type\":\"SearchAction\",\"target\":{\"@type\":\"EntryPoint\",\"urlTemplate\":\"https:\\\/\\\/nikolascave.gr\\\/?s={search_term_string}\"},\"query-input\":{\"@type\":\"PropertyValueSpecification\",\"valueRequired\":true,\"valueName\":\"search_term_string\"}}],\"inLanguage\":\"es\"},{\"@type\":\"Organization\",\"@id\":\"https:\\\/\\\/nikolascave.gr\\\/#organization\",\"name\":\"The Cave of Nikolas\",\"url\":\"https:\\\/\\\/nikolascave.gr\\\/\",\"logo\":{\"@type\":\"ImageObject\",\"inLanguage\":\"es\",\"@id\":\"https:\\\/\\\/nikolascave.gr\\\/#\\\/schema\\\/logo\\\/image\\\/\",\"url\":\"https:\\\/\\\/nikolascave.gr\\\/wp-content\\\/uploads\\\/2022\\\/04\\\/fish-restaurant-santorini-main-logo.png\",\"contentUrl\":\"https:\\\/\\\/nikolascave.gr\\\/wp-content\\\/uploads\\\/2022\\\/04\\\/fish-restaurant-santorini-main-logo.png\",\"width\":348,\"height\":69,\"caption\":\"The Cave of Nikolas\"},\"image\":{\"@id\":\"https:\\\/\\\/nikolascave.gr\\\/#\\\/schema\\\/logo\\\/image\\\/\"},\"sameAs\":[\"https:\\\/\\\/www.facebook.com\\\/santorini.cave.nikolas\\\/\"],\"publishingPrinciples\":\"https:\\\/\\\/nikolascave.gr\\\/\",\"ownershipFundingInfo\":\"https:\\\/\\\/nikolascave.gr\\\/about\\\/\"}]}<\/script>\n<!-- \/ Yoast SEO Premium plugin. -->","yoast_head_json":{"title":"Acerca de - La cueva de Nikolas","robots":{"index":"index","follow":"follow","max-snippet":"max-snippet:-1","max-image-preview":"max-image-preview:large","max-video-preview":"max-video-preview:-1"},"canonical":"https:\/\/nikolascave.gr\/es\/acerca-de\/","og_locale":"es_ES","og_type":"article","og_title":"About","og_description":"About US Our Story Santorini\u2026 Akrotiri beach\u2026 By the sea, lies for many years a small, traditional cave, build by Uncle Nikolas with his own hands when he was young. Made with lots of love and passion, the cave offered a kind of shelter to himself and his little boat. Always by his side was ...","og_url":"https:\/\/nikolascave.gr\/es\/acerca-de\/","og_site_name":"The Cave of Nikolas","article_publisher":"https:\/\/www.facebook.com\/santorini.cave.nikolas\/","article_modified_time":"2025-05-22T16:16:31+00:00","og_image":[{"width":187,"height":176,"url":"https:\/\/nikolascave.gr\/wp-content\/uploads\/2024\/06\/fish-restaurant-certification-3.webp","type":"image\/webp"}],"twitter_card":"summary_large_image","twitter_misc":{"Tiempo de lectura":"3 minutos"},"schema":{"@context":"https:\/\/schema.org","@graph":[{"@type":"WebPage","@id":"https:\/\/nikolascave.gr\/about\/","url":"https:\/\/nikolascave.gr\/about\/","name":"Acerca de - La cueva de Nikolas","isPartOf":{"@id":"https:\/\/nikolascave.gr\/#website"},"primaryImageOfPage":{"@id":"https:\/\/nikolascave.gr\/about\/#primaryimage"},"image":{"@id":"https:\/\/nikolascave.gr\/about\/#primaryimage"},"thumbnailUrl":"https:\/\/nikolascave.gr\/wp-content\/uploads\/2024\/06\/fish-restaurant-certification-3.webp","datePublished":"2022-04-26T07:29:35+00:00","dateModified":"2025-05-22T16:16:31+00:00","breadcrumb":{"@id":"https:\/\/nikolascave.gr\/about\/#breadcrumb"},"inLanguage":"es","potentialAction":[{"@type":"ReadAction","target":["https:\/\/nikolascave.gr\/about\/"]}]},{"@type":"ImageObject","inLanguage":"es","@id":"https:\/\/nikolascave.gr\/about\/#primaryimage","url":"https:\/\/nikolascave.gr\/wp-content\/uploads\/2024\/06\/fish-restaurant-certification-3.webp","contentUrl":"https:\/\/nikolascave.gr\/wp-content\/uploads\/2024\/06\/fish-restaurant-certification-3.webp"},{"@type":"BreadcrumbList","@id":"https:\/\/nikolascave.gr\/about\/#breadcrumb","itemListElement":[{"@type":"ListItem","position":1,"name":"Home","item":"https:\/\/nikolascave.gr\/"},{"@type":"ListItem","position":2,"name":"About"}]},{"@type":"WebSite","@id":"https:\/\/nikolascave.gr\/#website","url":"https:\/\/nikolascave.gr\/","name":"La cueva de Nikolas","description":"La mejor taberna de pescado de Santorini","publisher":{"@id":"https:\/\/nikolascave.gr\/#organization"},"potentialAction":[{"@type":"SearchAction","target":{"@type":"EntryPoint","urlTemplate":"https:\/\/nikolascave.gr\/?s={search_term_string}"},"query-input":{"@type":"PropertyValueSpecification","valueRequired":true,"valueName":"search_term_string"}}],"inLanguage":"es"},{"@type":"Organization","@id":"https:\/\/nikolascave.gr\/#organization","name":"La cueva de Nikolas","url":"https:\/\/nikolascave.gr\/","logo":{"@type":"ImageObject","inLanguage":"es","@id":"https:\/\/nikolascave.gr\/#\/schema\/logo\/image\/","url":"https:\/\/nikolascave.gr\/wp-content\/uploads\/2022\/04\/fish-restaurant-santorini-main-logo.png","contentUrl":"https:\/\/nikolascave.gr\/wp-content\/uploads\/2022\/04\/fish-restaurant-santorini-main-logo.png","width":348,"height":69,"caption":"The Cave of Nikolas"},"image":{"@id":"https:\/\/nikolascave.gr\/#\/schema\/logo\/image\/"},"sameAs":["https:\/\/www.facebook.com\/santorini.cave.nikolas\/"],"publishingPrinciples":"https:\/\/nikolascave.gr\/","ownershipFundingInfo":"https:\/\/nikolascave.gr\/about\/"}]}},"_links":{"self":[{"href":"https:\/\/nikolascave.gr\/es\/wp-json\/wp\/v2\/pages\/1232","targetHints":{"allow":["GET"]}}],"collection":[{"href":"https:\/\/nikolascave.gr\/es\/wp-json\/wp\/v2\/pages"}],"about":[{"href":"https:\/\/nikolascave.gr\/es\/wp-json\/wp\/v2\/types\/page"}],"author":[{"embeddable":true,"href":"https:\/\/nikolascave.gr\/es\/wp-json\/wp\/v2\/users\/1"}],"replies":[{"embeddable":true,"href":"https:\/\/nikolascave.gr\/es\/wp-json\/wp\/v2\/comments?post=1232"}],"version-history":[{"count":46,"href":"https:\/\/nikolascave.gr\/es\/wp-json\/wp\/v2\/pages\/1232\/revisions"}],"predecessor-version":[{"id":2258,"href":"https:\/\/nikolascave.gr\/es\/wp-json\/wp\/v2\/pages\/1232\/revisions\/2258"}],"wp:attachment":[{"href":"https:\/\/nikolascave.gr\/es\/wp-json\/wp\/v2\/media?parent=1232"}],"curies":[{"name":"wp","href":"https:\/\/api.w.org\/{rel}","templated":true}]}}