{"id":1981,"date":"2024-07-21T07:36:37","date_gmt":"2024-07-21T04:36:37","guid":{"rendered":"https:\/\/nikolascave.gr\/?page_id=1981"},"modified":"2025-05-22T19:38:57","modified_gmt":"2025-05-22T16:38:57","slug":"meeresfruchte-restaurant-santorini","status":"publish","type":"page","link":"https:\/\/nikolascave.gr\/de\/meeresfruchte-restaurant-santorini\/","title":{"rendered":"Meeresfr\u00fcchte-Taverne Santorini"},"content":{"rendered":"<div data-elementor-type=\"wp-page\" data-elementor-id=\"1981\" class=\"elementor elementor-1981\">\n\t\t\t\t\t\t<section class=\"elementor-section elementor-top-section elementor-element elementor-element-bc11931 elementor-section-full_width elementor-reverse-mobile elementor-section-height-default elementor-section-height-default\" data-id=\"bc11931\" data-element_type=\"section\" data-e-type=\"section\" data-settings=\"{&quot;background_background&quot;:&quot;classic&quot;}\">\n\t\t\t\t\t\t<div class=\"elementor-container elementor-column-gap-no\">\n\t\t\t\t\t<div class=\"elementor-column elementor-col-33 elementor-top-column elementor-element elementor-element-ad98aad\" data-id=\"ad98aad\" data-element_type=\"column\" data-e-type=\"column\">\n\t\t\t<div class=\"elementor-widget-wrap\">\n\t\t\t\t\t\t\t<\/div>\n\t\t<\/div>\n\t\t\t\t<div class=\"elementor-column elementor-col-33 elementor-top-column elementor-element elementor-element-95cf4d3\" data-id=\"95cf4d3\" data-element_type=\"column\" data-e-type=\"column\">\n\t\t\t<div class=\"elementor-widget-wrap elementor-element-populated\">\n\t\t\t\t\t\t<div class=\"elementor-element elementor-element-c6ecd3a elementor-widget elementor-widget-pt_title\" data-id=\"c6ecd3a\" data-element_type=\"widget\" data-e-type=\"widget\" data-widget_type=\"pt_title.default\">\n\t\t\t\t<div class=\"elementor-widget-container\">\n\t\t\t\t\t\n        <div class=\"pt-title-wrap text-center-mobile\">\t            <div class=\"pt-subtitle-wrap\"><span class=\"pt-subtitle color-secondary\">DIE H\u00d6HLE DES NIKOLAS<\/span><\/div>\t            <h1 class=\"pt-title\">\n\t                Meeresfr\u00fcchte-Taverne Santorini: Ein erstklassiges Ziel in Akrotiri\t            <\/h1>\t            <div class=\"pt-title-text color-black\">\n\t                <strong>Willkommen in der H\u00f6hle von Nikolas<\/strong>Ihr ultimatives Ziel f\u00fcr die besten Meeresfr\u00fcchte von Santorin. Eingebettet in das malerische Dorf Akrotiri, bietet unsere Taverne ein einzigartiges kulinarisches Erlebnis, das traditionelle griechische Aromen mit einer atemberaubenden Aussicht verbindet. Egal, ob Sie Einheimischer oder Tourist sind, unsere Meeresfr\u00fcchte-Taverne auf Santorin verspricht eine unvergessliche kulinarische Reise.\t            <\/div>        <\/div>\t\t\t\t<\/div>\n\t\t\t\t<\/div>\n\t\t\t\t<div class=\"elementor-element elementor-element-c6dcb25 elementor-widget elementor-widget-text-editor\" data-id=\"c6dcb25\" data-element_type=\"widget\" data-e-type=\"widget\" data-widget_type=\"text-editor.default\">\n\t\t\t\t<div class=\"elementor-widget-container\">\n\t\t\t\t\t\t\t\t\t<h3>Warum die H\u00f6hle von Nikolas?<\/h3><p>Das Cave of Nikolas ist ein Spitzenrestaurant f\u00fcr Meeresfr\u00fcchte auf Santorin, das sich durch sein Engagement f\u00fcr Qualit\u00e4t, Frische und au\u00dfergew\u00f6hnlichen Service auszeichnet. Hier ist, was uns einzigartig macht:<\/p><h3>1. Frische, lokal bezogene Meeresfr\u00fcchte<\/h3><p><br \/>Im The Cave of Nikolas sind wir stolz darauf, nur die frischesten Meeresfr\u00fcchte zu servieren. Unsere Zutaten werden t\u00e4glich von lokalen Fischern bezogen, so dass jedes Gericht mit authentischen, lebendigen Aromen aufwartet.<\/p><p><img fetchpriority=\"high\" decoding=\"async\" class=\"aligncenter wp-image-45\" src=\"https:\/\/nikolascave.gr\/wp-content\/uploads\/2025\/05\/cave-of-nikolas-fish-tavern-santorini-2k25-01.webp\" alt=\"Meeresfr\u00fcchte-Restaurant Santorini | Die H\u00f6hle des Nikolas\" width=\"450\" height=\"300\" \/><\/p><h3>2. Authentische griechische K\u00fcche<\/h3><p>Unsere Speisekarte ist ein Spiegelbild des reichen kulinarischen Erbes Griechenlands. Jedes Meeresfr\u00fcchte-Gericht wird nach traditionellen Rezepten und mit einem modernen Touch zubereitet, von gegrilltem Oktopus und Calamari bis hin zu saftigem Hummer und Fisch.<\/p><p><img decoding=\"async\" class=\"aligncenter wp-image-2198\" src=\"https:\/\/nikolascave.gr\/wp-content\/uploads\/2025\/05\/cave-of-nikolas-fish-tavern-santorini-2k25-04-300x200.webp\" alt=\"\" width=\"450\" height=\"300\" srcset=\"https:\/\/nikolascave.gr\/wp-content\/uploads\/2025\/05\/cave-of-nikolas-fish-tavern-santorini-2k25-04-300x200.webp 300w, https:\/\/nikolascave.gr\/wp-content\/uploads\/2025\/05\/cave-of-nikolas-fish-tavern-santorini-2k25-04-1024x683.webp 1024w, https:\/\/nikolascave.gr\/wp-content\/uploads\/2025\/05\/cave-of-nikolas-fish-tavern-santorini-2k25-04-768x512.webp 768w, https:\/\/nikolascave.gr\/wp-content\/uploads\/2025\/05\/cave-of-nikolas-fish-tavern-santorini-2k25-04-18x12.webp 18w, https:\/\/nikolascave.gr\/wp-content\/uploads\/2025\/05\/cave-of-nikolas-fish-tavern-santorini-2k25-04-780x520.webp 780w, https:\/\/nikolascave.gr\/wp-content\/uploads\/2025\/05\/cave-of-nikolas-fish-tavern-santorini-2k25-04-600x400.webp 600w, https:\/\/nikolascave.gr\/wp-content\/uploads\/2025\/05\/cave-of-nikolas-fish-tavern-santorini-2k25-04-550x367.webp 550w, https:\/\/nikolascave.gr\/wp-content\/uploads\/2025\/05\/cave-of-nikolas-fish-tavern-santorini-2k25-04-370x247.webp 370w, https:\/\/nikolascave.gr\/wp-content\/uploads\/2025\/05\/cave-of-nikolas-fish-tavern-santorini-2k25-04-255x170.webp 255w, https:\/\/nikolascave.gr\/wp-content\/uploads\/2025\/05\/cave-of-nikolas-fish-tavern-santorini-2k25-04.webp 1200w\" sizes=\"(max-width: 450px) 100vw, 450px\" \/><\/p><h3>3. Atemberaubender Standort<\/h3><p>Unsere Taverne befindet sich im charmanten Dorf Akrotiri und bietet einen spektakul\u00e4ren Blick auf die \u00c4g\u00e4is. Genie\u00dfen Sie Ihre Mahlzeit, w\u00e4hrend Sie die ruhige Sch\u00f6nheit der K\u00fcste von Santorin bewundern. Auch wenn Akrotiri seinen eigenen Charme hat, sollten Sie es nicht vers\u00e4umen, die H\u00f6hle des Nikolas zu besuchen, einen weiteren malerischen Ort auf Santorin, der f\u00fcr seine atemberaubende Aussicht und frischen Meeresfr\u00fcchte bekannt ist.<\/p><p><img decoding=\"async\" class=\"aligncenter wp-image-1571\" src=\"https:\/\/nikolascave.gr\/wp-content\/uploads\/2024\/06\/cave-of-nikolas-gal-45-300x200.webp\" alt=\"DIE H\u00d6HLE DES NIKOLAS | MEERESFR\u00dcCHTE-TAVERNE SANTORINI\" width=\"450\" height=\"300\" srcset=\"https:\/\/nikolascave.gr\/wp-content\/uploads\/2024\/06\/cave-of-nikolas-gal-45-300x200.webp 300w, https:\/\/nikolascave.gr\/wp-content\/uploads\/2024\/06\/cave-of-nikolas-gal-45-1024x683.webp 1024w, https:\/\/nikolascave.gr\/wp-content\/uploads\/2024\/06\/cave-of-nikolas-gal-45-768x512.webp 768w, https:\/\/nikolascave.gr\/wp-content\/uploads\/2024\/06\/cave-of-nikolas-gal-45-780x520.webp 780w, https:\/\/nikolascave.gr\/wp-content\/uploads\/2024\/06\/cave-of-nikolas-gal-45-600x400.webp 600w, https:\/\/nikolascave.gr\/wp-content\/uploads\/2024\/06\/cave-of-nikolas-gal-45-550x367.webp 550w, https:\/\/nikolascave.gr\/wp-content\/uploads\/2024\/06\/cave-of-nikolas-gal-45-370x247.webp 370w, https:\/\/nikolascave.gr\/wp-content\/uploads\/2024\/06\/cave-of-nikolas-gal-45-255x170.webp 255w, https:\/\/nikolascave.gr\/wp-content\/uploads\/2024\/06\/cave-of-nikolas-gal-45.webp 1200w\" sizes=\"(max-width: 450px) 100vw, 450px\" \/><\/p><h3>4. Warm und einladend<\/h3><p>Gute Atmosph\u00e4re und gutes Essen sollte man in einer entspannten und freundlichen Umgebung genie\u00dfen. Unsere Taverne strahlt eine warme, einladende Atmosph\u00e4re aus und ist damit der perfekte Ort f\u00fcr romantische Verabredungen mit der Familie oder Treffen mit Freunden.<\/p><p><img loading=\"lazy\" decoding=\"async\" class=\"aligncenter wp-image-1716\" src=\"https:\/\/nikolascave.gr\/wp-content\/uploads\/2024\/07\/wine-list-300x225.webp\" alt=\"MEERESFR\u00dcCHTE-RESTAURANT SANTORINI\" width=\"400\" height=\"300\" srcset=\"https:\/\/nikolascave.gr\/wp-content\/uploads\/2024\/07\/wine-list-300x225.webp 300w, https:\/\/nikolascave.gr\/wp-content\/uploads\/2024\/07\/wine-list-1024x768.webp 1024w, https:\/\/nikolascave.gr\/wp-content\/uploads\/2024\/07\/wine-list-768x576.webp 768w, https:\/\/nikolascave.gr\/wp-content\/uploads\/2024\/07\/wine-list-1536x1152.webp 1536w, https:\/\/nikolascave.gr\/wp-content\/uploads\/2024\/07\/wine-list-1440x1080.webp 1440w, https:\/\/nikolascave.gr\/wp-content\/uploads\/2024\/07\/wine-list-1200x900.webp 1200w, https:\/\/nikolascave.gr\/wp-content\/uploads\/2024\/07\/wine-list-780x585.webp 780w, https:\/\/nikolascave.gr\/wp-content\/uploads\/2024\/07\/wine-list-600x450.webp 600w, https:\/\/nikolascave.gr\/wp-content\/uploads\/2024\/07\/wine-list-550x413.webp 550w, https:\/\/nikolascave.gr\/wp-content\/uploads\/2024\/07\/wine-list-370x278.webp 370w, https:\/\/nikolascave.gr\/wp-content\/uploads\/2024\/07\/wine-list-255x191.webp 255w, https:\/\/nikolascave.gr\/wp-content\/uploads\/2024\/07\/wine-list.webp 1920w\" sizes=\"(max-width: 400px) 100vw, 400px\" \/><\/p><h3>5. Unsere Meeresfr\u00fcchte-K\u00f6stlichkeiten<\/h3><p>Im The Cave of Nikolas sind wir stolz auf unsere abwechslungsreiche Speisekarte mit Meeresfr\u00fcchten, die jeden Liebhaber von Meeresfr\u00fcchten begeistern wird. Hier ist ein Vorgeschmack auf das, was Sie erwartet:<\/p><ul><li><strong>Meeresfr\u00fcchtevariationen f\u00fcr 2 Personen<\/strong>: Eine k\u00f6stliche Platte mit Garnelen, Miesmuscheln, Calamari und Oktopus, die sich perfekt zum Teilen eignet.<\/li><li><strong>Gebratene Calamari<\/strong>: Knusprig und zart, unsere Calamari sind ein Muss.<\/li><li><strong>Gef\u00fcllte Calamari<\/strong>: Frische Calamari, gef\u00fcllt mit Gem\u00fcse, Fetak\u00e4se, Reis, Meeresfr\u00fcchtest\u00fccken und Petersilie, bieten eine einzigartige Geschmacksmischung.<\/li><li><strong>Assos-Garnele<\/strong>: Gro\u00dfe, hochwertige Garnelen, die je nach Wunsch gebraten oder gegrillt werden.<\/li><li><strong>Shrimps \"Saganaki\"<\/strong>: Kleine Garnelen in einer pikanten Tomatenso\u00dfe mit Feta-K\u00e4se und Pfeffer gekocht.<\/li><li><strong>Tintenfisch<\/strong>: Zarter Tintenfisch, fachm\u00e4nnisch perfekt zubereitet.<\/li><li><strong>Muscheln<\/strong>: Ged\u00fcnstet mit Zitrone und Ouzo, ein duftendes und k\u00f6stliches Erlebnis.<\/li><li><strong>Muscheln Saganaki<\/strong>: Miesmuscheln in einer reichhaltigen Tomatensauce mit Fetak\u00e4se, eine k\u00f6stliche Abwandlung eines klassischen Gerichts.<\/li><li><strong>Oktopus in Essigso\u00dfe<\/strong>: Dieses Gericht wird mit eingelegtem Gem\u00fcse, Oliven\u00f6l und Essig serviert und ist ein Zeugnis der traditionellen griechischen Geschmacksrichtungen.<\/li><li class=\"translation-block\"><strong>Meeresfr\u00fcchte-Suppe<\/strong>: Eine herzhafte Suppe mit frischen Meeresfr\u00fcchten, die die Seele w\u00e4rmt.<\/li><\/ul>\t\t\t\t\t\t\t\t<\/div>\n\t\t\t\t<\/div>\n\t\t\t\t<div class=\"elementor-element elementor-element-8a83f62 elementor-widget elementor-widget-text-editor\" data-id=\"8a83f62\" data-element_type=\"widget\" data-e-type=\"widget\" data-widget_type=\"text-editor.default\">\n\t\t\t\t<div class=\"elementor-widget-container\">\n\t\t\t\t\t\t\t\t\t<p class=\"translation-block\">W\u00e4hrend unsere Speisekarte eine breite Palette von Meeresfr\u00fcchten bietet, genie\u00dfen viele Besucher auch die Angebote der Fischtaverne The Cave of Nikolas, die f\u00fcr ihre frischen Meeresfr\u00fcchte und den atemberaubenden Blick auf das \u00c4g\u00e4ische Meer bekannt ist.<br>Verpassen Sie nicht die beste Fischtaverne auf Santorin. Kommen Sie ins The Cave of Nikolas in Akrotiri und genie\u00dfen Sie die feinsten Fischgerichte, die atemberaubende Aussicht und die herzliche griechische Gastfreundschaft.<br>F\u00fcr <a href=\"https:\/\/nikolascave.gr\/de\/reservierung\/\" target=\"_self\">Reservierungen<\/strong><\/a> oder weitere Informationen, <strong><a href=\"https:\/\/nikolascave.gr\/de\/kontakt\/\" target=\"_self\">Kontaktieren Sie uns<\/a><\/strong> noch heute.<br>Wir freuen uns darauf, Sie im The Cave of Nikolas begr\u00fc\u00dfen zu d\u00fcrfen - Ihrem bevorzugten <strong>Meeresfr\u00fcchte-Restaurant<\/strong> auf Santorin!<\/p>\t\t\t\t\t\t\t\t<\/div>\n\t\t\t\t<\/div>\n\t\t\t\t\t<\/div>\n\t\t<\/div>\n\t\t\t\t<div class=\"elementor-column elementor-col-33 elementor-top-column elementor-element elementor-element-d3bb697\" data-id=\"d3bb697\" data-element_type=\"column\" data-e-type=\"column\">\n\t\t\t<div class=\"elementor-widget-wrap\">\n\t\t\t\t\t\t\t<\/div>\n\t\t<\/div>\n\t\t\t\t\t<\/div>\n\t\t<\/section>\n\t\t\t\t<\/div>","protected":false},"excerpt":{"rendered":"<p>THE CAVE OF NIKOLAS Meeresfr\u00fcchte Taverne Santorini: Ein erstklassiges Ziel in Akrotiri Willkommen in der Cave of Nikolas, Ihrem ultimativen Ziel f\u00fcr die feinsten Meeresfr\u00fcchte von Santorin. Eingebettet in das malerische Dorf Akrotiri, bietet unsere Taverne ein einzigartiges kulinarisches Erlebnis, das traditionelle griechische Aromen mit atemberaubenden Ausblicken verbindet. Ob Sie nun Einheimischer oder Tourist sind, ...<\/p>","protected":false},"author":1,"featured_media":0,"parent":0,"menu_order":0,"comment_status":"closed","ping_status":"closed","template":"template-wide-content.php","meta":{"_monsterinsights_skip_tracking":false,"_monsterinsights_sitenote_active":false,"_monsterinsights_sitenote_note":"","_monsterinsights_sitenote_category":0,"patiotime_single_page_hide_site_header":"","patiotime_single_page_site_header_source":"","patiotime_single_page_custom_site_header":"","patiotime_single_page_custom_sticky_site_header":"","patiotime_single_page_custom_page_title_margin_top_source":"","patiotime_single_page_custom_page_title_desktop_margin_top":"","patiotime_single_page_custom_page_title_tablet_margin_top":"","patiotime_single_page_custom_page_title_mobile_margin_top":"","patiotime_single_page_hide_page_title":"on","patiotime_single_page_header_section_size":"","patiotime_single_page_header_background_color":"","patiotime_single_page_header_background_position_x":"center","patiotime_single_page_header_background_position_y":"center","patiotime_single_page_header_background_size":"cover","patiotime_single_page_header_background_repeat":"off","patiotime_single_page_header_background_scroll":"on","patiotime_single_page_header_text_color":"","patiotime_single_page_header_show_breadcrumb":"","patiotime_single_page_site_footer_hide_main":"","patiotime_single_custom_site_footer_main_source":"","patiotime_single_custom_site_footer_main":"","patiotime_single_page_site_footer_hide_above":"","patiotime_single_custom_site_footer_above_source":"","patiotime_single_custom_site_footer_above":"","patiotime_single_page_site_footer_hide_instagram":"","patiotime_single_page_site_footer_hide_bottom":"","patiotime_single_custom_mobile_menu_source":"","patiotime_single_custom_mobile_menu":"","patiotime_single_custom_mobile_menu_animation":"","patiotime_single_custom_mobile_menu_width":"","patiotime_single_custom_mobile_menu_custom_width":375,"footnotes":""},"class_list":["post-1981","page","type-page","status-publish","hentry"],"yoast_head":"<!-- This site is optimized with the Yoast SEO Premium plugin v25.5 (Yoast SEO v27.4) - https:\/\/yoast.com\/product\/yoast-seo-premium-wordpress\/ -->\n<title>Seafood Tavern Santorini: A Premier Destination in Akrotiri<\/title>\n<meta name=\"description\" content=\"Experience the best seafood tavern in Santorini at The Cave of Nikolas. Try fresh seafood at our renowned seafood restaurant in Santorini.\" \/>\n<meta name=\"robots\" content=\"index, follow, max-snippet:-1, max-image-preview:large, max-video-preview:-1\" \/>\n<link rel=\"canonical\" href=\"https:\/\/nikolascave.gr\/de\/meeresfruchte-restaurant-santorini\/\" \/>\n<meta property=\"og:locale\" content=\"de_DE\" \/>\n<meta property=\"og:type\" content=\"article\" \/>\n<meta property=\"og:title\" content=\"Discover &quot;The Cave of Nikolas&quot;: A Premier Seafood Tavern in Akrotiri Santorini\" \/>\n<meta property=\"og:description\" content=\"Experience the best seafood tavern in Santorini at The Cave of Nikolas. Try fresh seafood at our renowned seafood restaurant in Santorini.\" \/>\n<meta property=\"og:url\" content=\"https:\/\/nikolascave.gr\/de\/meeresfruchte-restaurant-santorini\/\" \/>\n<meta property=\"og:site_name\" content=\"The Cave of Nikolas\" \/>\n<meta property=\"article:publisher\" content=\"https:\/\/www.facebook.com\/santorini.cave.nikolas\/\" \/>\n<meta property=\"article:modified_time\" content=\"2025-05-22T16:38:57+00:00\" \/>\n<meta property=\"og:image\" content=\"https:\/\/nikolascave.gr\/wp-content\/uploads\/2022\/04\/mike-bergmann-tHjXXy1kk_Q-unsplash.jpg\" \/>\n\t<meta property=\"og:image:width\" content=\"1920\" \/>\n\t<meta property=\"og:image:height\" content=\"1440\" \/>\n\t<meta property=\"og:image:type\" content=\"image\/jpeg\" \/>\n<meta name=\"twitter:card\" content=\"summary_large_image\" \/>\n<meta name=\"twitter:title\" content=\"Seafood Tavern Santorini\" \/>\n<meta name=\"twitter:label1\" content=\"Gesch\u00e4tzte Lesezeit\" \/>\n\t<meta name=\"twitter:data1\" content=\"4\u00a0Minuten\" \/>\n<script type=\"application\/ld+json\" class=\"yoast-schema-graph\">{\"@context\":\"https:\\\/\\\/schema.org\",\"@graph\":[{\"@type\":\"WebPage\",\"@id\":\"https:\\\/\\\/nikolascave.gr\\\/seafood-restaurant-santorini\\\/\",\"url\":\"https:\\\/\\\/nikolascave.gr\\\/seafood-restaurant-santorini\\\/\",\"name\":\"Seafood Tavern Santorini: A Premier Destination in Akrotiri\",\"isPartOf\":{\"@id\":\"https:\\\/\\\/nikolascave.gr\\\/#website\"},\"primaryImageOfPage\":{\"@id\":\"https:\\\/\\\/nikolascave.gr\\\/seafood-restaurant-santorini\\\/#primaryimage\"},\"image\":{\"@id\":\"https:\\\/\\\/nikolascave.gr\\\/seafood-restaurant-santorini\\\/#primaryimage\"},\"thumbnailUrl\":\"https:\\\/\\\/nikolascave.gr\\\/wp-content\\\/uploads\\\/2025\\\/05\\\/cave-of-nikolas-fish-tavern-santorini-2k25-01.webp\",\"datePublished\":\"2024-07-21T04:36:37+00:00\",\"dateModified\":\"2025-05-22T16:38:57+00:00\",\"description\":\"Experience the best seafood tavern in Santorini at The Cave of Nikolas. Try fresh seafood at our renowned seafood restaurant in Santorini.\",\"breadcrumb\":{\"@id\":\"https:\\\/\\\/nikolascave.gr\\\/seafood-restaurant-santorini\\\/#breadcrumb\"},\"inLanguage\":\"de\",\"potentialAction\":[{\"@type\":\"ReadAction\",\"target\":[\"https:\\\/\\\/nikolascave.gr\\\/seafood-restaurant-santorini\\\/\"]}]},{\"@type\":\"ImageObject\",\"inLanguage\":\"de\",\"@id\":\"https:\\\/\\\/nikolascave.gr\\\/seafood-restaurant-santorini\\\/#primaryimage\",\"url\":\"https:\\\/\\\/nikolascave.gr\\\/wp-content\\\/uploads\\\/2025\\\/05\\\/cave-of-nikolas-fish-tavern-santorini-2k25-01.webp\",\"contentUrl\":\"https:\\\/\\\/nikolascave.gr\\\/wp-content\\\/uploads\\\/2025\\\/05\\\/cave-of-nikolas-fish-tavern-santorini-2k25-01.webp\"},{\"@type\":\"BreadcrumbList\",\"@id\":\"https:\\\/\\\/nikolascave.gr\\\/seafood-restaurant-santorini\\\/#breadcrumb\",\"itemListElement\":[{\"@type\":\"ListItem\",\"position\":1,\"name\":\"Home\",\"item\":\"https:\\\/\\\/nikolascave.gr\\\/\"},{\"@type\":\"ListItem\",\"position\":2,\"name\":\"Seafood Tavern Santorini\"}]},{\"@type\":\"WebSite\",\"@id\":\"https:\\\/\\\/nikolascave.gr\\\/#website\",\"url\":\"https:\\\/\\\/nikolascave.gr\\\/\",\"name\":\"The Cave of Nikolas\",\"description\":\"The Best Fish Tavern in Santorini\",\"publisher\":{\"@id\":\"https:\\\/\\\/nikolascave.gr\\\/#organization\"},\"potentialAction\":[{\"@type\":\"SearchAction\",\"target\":{\"@type\":\"EntryPoint\",\"urlTemplate\":\"https:\\\/\\\/nikolascave.gr\\\/?s={search_term_string}\"},\"query-input\":{\"@type\":\"PropertyValueSpecification\",\"valueRequired\":true,\"valueName\":\"search_term_string\"}}],\"inLanguage\":\"de\"},{\"@type\":\"Organization\",\"@id\":\"https:\\\/\\\/nikolascave.gr\\\/#organization\",\"name\":\"The Cave of Nikolas\",\"url\":\"https:\\\/\\\/nikolascave.gr\\\/\",\"logo\":{\"@type\":\"ImageObject\",\"inLanguage\":\"de\",\"@id\":\"https:\\\/\\\/nikolascave.gr\\\/#\\\/schema\\\/logo\\\/image\\\/\",\"url\":\"https:\\\/\\\/nikolascave.gr\\\/wp-content\\\/uploads\\\/2022\\\/04\\\/fish-restaurant-santorini-main-logo.png\",\"contentUrl\":\"https:\\\/\\\/nikolascave.gr\\\/wp-content\\\/uploads\\\/2022\\\/04\\\/fish-restaurant-santorini-main-logo.png\",\"width\":348,\"height\":69,\"caption\":\"The Cave of Nikolas\"},\"image\":{\"@id\":\"https:\\\/\\\/nikolascave.gr\\\/#\\\/schema\\\/logo\\\/image\\\/\"},\"sameAs\":[\"https:\\\/\\\/www.facebook.com\\\/santorini.cave.nikolas\\\/\"],\"publishingPrinciples\":\"https:\\\/\\\/nikolascave.gr\\\/\",\"ownershipFundingInfo\":\"https:\\\/\\\/nikolascave.gr\\\/about\\\/\"}]}<\/script>\n<!-- \/ Yoast SEO Premium plugin. -->","yoast_head_json":{"title":"Meeresfr\u00fcchte-Taverne Santorini: Ein erstklassiges Ziel in Akrotiri","description":"Erleben Sie die beste Meeresfr\u00fcchte-Taverne auf Santorin in der H\u00f6hle von Nikolas. Probieren Sie frische Meeresfr\u00fcchte in unserem renommierten Meeresfr\u00fcchte-Restaurant in Santorini.","robots":{"index":"index","follow":"follow","max-snippet":"max-snippet:-1","max-image-preview":"max-image-preview:large","max-video-preview":"max-video-preview:-1"},"canonical":"https:\/\/nikolascave.gr\/de\/meeresfruchte-restaurant-santorini\/","og_locale":"de_DE","og_type":"article","og_title":"Discover \"The Cave of Nikolas\": A Premier Seafood Tavern in Akrotiri Santorini","og_description":"Experience the best seafood tavern in Santorini at The Cave of Nikolas. Try fresh seafood at our renowned seafood restaurant in Santorini.","og_url":"https:\/\/nikolascave.gr\/de\/meeresfruchte-restaurant-santorini\/","og_site_name":"The Cave of Nikolas","article_publisher":"https:\/\/www.facebook.com\/santorini.cave.nikolas\/","article_modified_time":"2025-05-22T16:38:57+00:00","og_image":[{"width":1920,"height":1440,"url":"https:\/\/nikolascave.gr\/wp-content\/uploads\/2022\/04\/mike-bergmann-tHjXXy1kk_Q-unsplash.jpg","type":"image\/jpeg"}],"twitter_card":"summary_large_image","twitter_title":"Seafood Tavern Santorini","twitter_misc":{"Gesch\u00e4tzte Lesezeit":"4\u00a0Minuten"},"schema":{"@context":"https:\/\/schema.org","@graph":[{"@type":"WebPage","@id":"https:\/\/nikolascave.gr\/seafood-restaurant-santorini\/","url":"https:\/\/nikolascave.gr\/seafood-restaurant-santorini\/","name":"Meeresfr\u00fcchte-Taverne Santorini: Ein erstklassiges Ziel in Akrotiri","isPartOf":{"@id":"https:\/\/nikolascave.gr\/#website"},"primaryImageOfPage":{"@id":"https:\/\/nikolascave.gr\/seafood-restaurant-santorini\/#primaryimage"},"image":{"@id":"https:\/\/nikolascave.gr\/seafood-restaurant-santorini\/#primaryimage"},"thumbnailUrl":"https:\/\/nikolascave.gr\/wp-content\/uploads\/2025\/05\/cave-of-nikolas-fish-tavern-santorini-2k25-01.webp","datePublished":"2024-07-21T04:36:37+00:00","dateModified":"2025-05-22T16:38:57+00:00","description":"Erleben Sie die beste Meeresfr\u00fcchte-Taverne auf Santorin in der H\u00f6hle von Nikolas. Probieren Sie frische Meeresfr\u00fcchte in unserem renommierten Meeresfr\u00fcchte-Restaurant in Santorini.","breadcrumb":{"@id":"https:\/\/nikolascave.gr\/seafood-restaurant-santorini\/#breadcrumb"},"inLanguage":"de","potentialAction":[{"@type":"ReadAction","target":["https:\/\/nikolascave.gr\/seafood-restaurant-santorini\/"]}]},{"@type":"ImageObject","inLanguage":"de","@id":"https:\/\/nikolascave.gr\/seafood-restaurant-santorini\/#primaryimage","url":"https:\/\/nikolascave.gr\/wp-content\/uploads\/2025\/05\/cave-of-nikolas-fish-tavern-santorini-2k25-01.webp","contentUrl":"https:\/\/nikolascave.gr\/wp-content\/uploads\/2025\/05\/cave-of-nikolas-fish-tavern-santorini-2k25-01.webp"},{"@type":"BreadcrumbList","@id":"https:\/\/nikolascave.gr\/seafood-restaurant-santorini\/#breadcrumb","itemListElement":[{"@type":"ListItem","position":1,"name":"Home","item":"https:\/\/nikolascave.gr\/"},{"@type":"ListItem","position":2,"name":"Seafood Tavern Santorini"}]},{"@type":"WebSite","@id":"https:\/\/nikolascave.gr\/#website","url":"https:\/\/nikolascave.gr\/","name":"Die H\u00f6hle des Nikolas","description":"Die beste Fischtaverne auf Santorin","publisher":{"@id":"https:\/\/nikolascave.gr\/#organization"},"potentialAction":[{"@type":"SearchAction","target":{"@type":"EntryPoint","urlTemplate":"https:\/\/nikolascave.gr\/?s={search_term_string}"},"query-input":{"@type":"PropertyValueSpecification","valueRequired":true,"valueName":"search_term_string"}}],"inLanguage":"de"},{"@type":"Organization","@id":"https:\/\/nikolascave.gr\/#organization","name":"Die H\u00f6hle des Nikolas","url":"https:\/\/nikolascave.gr\/","logo":{"@type":"ImageObject","inLanguage":"de","@id":"https:\/\/nikolascave.gr\/#\/schema\/logo\/image\/","url":"https:\/\/nikolascave.gr\/wp-content\/uploads\/2022\/04\/fish-restaurant-santorini-main-logo.png","contentUrl":"https:\/\/nikolascave.gr\/wp-content\/uploads\/2022\/04\/fish-restaurant-santorini-main-logo.png","width":348,"height":69,"caption":"The Cave of Nikolas"},"image":{"@id":"https:\/\/nikolascave.gr\/#\/schema\/logo\/image\/"},"sameAs":["https:\/\/www.facebook.com\/santorini.cave.nikolas\/"],"publishingPrinciples":"https:\/\/nikolascave.gr\/","ownershipFundingInfo":"https:\/\/nikolascave.gr\/about\/"}]}},"_links":{"self":[{"href":"https:\/\/nikolascave.gr\/de\/wp-json\/wp\/v2\/pages\/1981","targetHints":{"allow":["GET"]}}],"collection":[{"href":"https:\/\/nikolascave.gr\/de\/wp-json\/wp\/v2\/pages"}],"about":[{"href":"https:\/\/nikolascave.gr\/de\/wp-json\/wp\/v2\/types\/page"}],"author":[{"embeddable":true,"href":"https:\/\/nikolascave.gr\/de\/wp-json\/wp\/v2\/users\/1"}],"replies":[{"embeddable":true,"href":"https:\/\/nikolascave.gr\/de\/wp-json\/wp\/v2\/comments?post=1981"}],"version-history":[{"count":50,"href":"https:\/\/nikolascave.gr\/de\/wp-json\/wp\/v2\/pages\/1981\/revisions"}],"predecessor-version":[{"id":2269,"href":"https:\/\/nikolascave.gr\/de\/wp-json\/wp\/v2\/pages\/1981\/revisions\/2269"}],"wp:attachment":[{"href":"https:\/\/nikolascave.gr\/de\/wp-json\/wp\/v2\/media?parent=1981"}],"curies":[{"name":"wp","href":"https:\/\/api.w.org\/{rel}","templated":true}]}}