{"id":1232,"date":"2022-04-26T07:29:35","date_gmt":"2022-04-26T07:29:35","guid":{"rendered":"https:\/\/patiotime.loftocean.com\/demo4\/?page_id=11"},"modified":"2025-05-22T19:16:31","modified_gmt":"2025-05-22T16:16:31","slug":"uber","status":"publish","type":"page","link":"https:\/\/nikolascave.gr\/de\/uber\/","title":{"rendered":"\u00dcber"},"content":{"rendered":"<div data-elementor-type=\"wp-page\" data-elementor-id=\"1232\" class=\"elementor elementor-1232\">\n\t\t\t\t\t\t<section class=\"elementor-section elementor-top-section elementor-element elementor-element-bc11931 elementor-section-height-min-height elementor-section-items-stretch elementor-reverse-mobile elementor-section-boxed elementor-section-height-default\" data-id=\"bc11931\" data-element_type=\"section\" data-e-type=\"section\" data-settings=\"{&quot;background_background&quot;:&quot;classic&quot;}\">\n\t\t\t\t\t\t<div class=\"elementor-container elementor-column-gap-no\">\n\t\t\t\t\t<div class=\"elementor-column elementor-col-100 elementor-top-column elementor-element elementor-element-c40fadf\" data-id=\"c40fadf\" data-element_type=\"column\" data-e-type=\"column\">\n\t\t\t<div class=\"elementor-widget-wrap elementor-element-populated\">\n\t\t\t\t\t\t<div class=\"elementor-element elementor-element-ba0c37d elementor-widget elementor-widget-pt_title\" data-id=\"ba0c37d\" data-element_type=\"widget\" data-e-type=\"widget\" data-widget_type=\"pt_title.default\">\n\t\t\t\t<div class=\"elementor-widget-container\">\n\t\t\t\t\t\n        <div class=\"pt-title-wrap\">\t            <div class=\"pt-subtitle-wrap\"><span class=\"pt-subtitle color-secondary\">\u00dcber US<\/span><\/div>\t            <h3 class=\"pt-title\">\n\t                Unsere Geschichte\t            <\/h3>\t            <div class=\"pt-title-text\">\n\t                <p>Santorini... Strand von Akrotiri... Am Meer liegt seit vielen Jahren eine kleine, traditionelle H\u00f6hle, die Onkel Nikolas in jungen Jahren mit seinen eigenen H\u00e4nden gebaut hat. Mit viel Liebe und Leidenschaft gebaut, bot die H\u00f6hle ihm und seinem kleinen Boot eine Art Schutz.<\/p><p>Immer an seiner Seite war seine Frau, Tante Efstathia, die mit ihrer \"magischen\" K\u00fcche alle verr\u00fcckt machte. Der unvergessliche Spiros Marinatos, Leiter des Ausgrabungsprojekts in der arch\u00e4ologischen St\u00e4tte in Akrotiri, schlug Onkel Nicolas vor, diese Unterkunft in eine kleine Taverne f\u00fcr die hungrigen Arbeiter der Ausgrabung umzuwandeln und ihnen traditionelle und k\u00f6stliche Leckereien wie Tomatenb\u00e4llchen, Fava, \"Chloro\"-K\u00e4se, Spaghetti mit So\u00dfe und viel frischen Fisch anzubieten.<\/p><p>Im Laufe der Jahre wurde die H\u00f6hle bei den Besuchern der Insel schnell bekannt, da sie nach dem Besuch der Ausgrabungsst\u00e4tte direkt an den Strand gingen, um die beliebten Snacks von Tante Efstathias und den geschmacksintensiven und w\u00fcrzigen Wein von Onkel Nikolaus zu probieren.<\/p><p>1981 ging die \"H\u00f6hle von Nicolas\" an ihre Tochter Margarita \u00fcber, die die Kunst des Kochens von Herrn Marinatos Frau erlernt hatte. Ihre Liebe zur traditionellen K\u00fcche und zu den lokalen Produkten, die sie und ihr Mann Nicolas selbst anbauen, brachte ihr einen Gourmet-Preis ein, als beste traditionelle Taverne 2007-2008 in Santorin.<\/p>\t            <\/div>        <\/div>\t\t\t\t<\/div>\n\t\t\t\t<\/div>\n\t\t\t\t\t<\/div>\n\t\t<\/div>\n\t\t\t\t\t<\/div>\n\t\t<\/section>\n\t\t\t\t<section class=\"elementor-section elementor-top-section elementor-element elementor-element-e02338b elementor-section-full_width elementor-section-height-min-height elementor-section-items-stretch elementor-section-height-default\" data-id=\"e02338b\" data-element_type=\"section\" data-e-type=\"section\" data-settings=\"{&quot;background_background&quot;:&quot;classic&quot;}\">\n\t\t\t\t\t\t<div class=\"elementor-container elementor-column-gap-no\">\n\t\t\t\t\t<div class=\"elementor-column elementor-col-50 elementor-top-column elementor-element elementor-element-adbb78a\" data-id=\"adbb78a\" data-element_type=\"column\" data-e-type=\"column\" data-settings=\"{&quot;background_background&quot;:&quot;classic&quot;}\">\n\t\t\t<div class=\"elementor-widget-wrap elementor-element-populated\">\n\t\t\t\t\t\t<div class=\"elementor-element elementor-element-3b289ea elementor-widget elementor-widget-spacer\" data-id=\"3b289ea\" data-element_type=\"widget\" data-e-type=\"widget\" data-widget_type=\"spacer.default\">\n\t\t\t\t<div class=\"elementor-widget-container\">\n\t\t\t\t\t\t\t<div class=\"elementor-spacer\">\n\t\t\t<div class=\"elementor-spacer-inner\"><\/div>\n\t\t<\/div>\n\t\t\t\t\t\t<\/div>\n\t\t\t\t<\/div>\n\t\t\t\t\t<\/div>\n\t\t<\/div>\n\t\t\t\t<div class=\"elementor-column elementor-col-50 elementor-top-column elementor-element elementor-element-1a1a0fa\" data-id=\"1a1a0fa\" data-element_type=\"column\" data-e-type=\"column\">\n\t\t\t<div class=\"elementor-widget-wrap elementor-element-populated\">\n\t\t\t\t\t\t<div class=\"elementor-element elementor-element-3a96998 pt-animation-medium-offset elementor-invisible elementor-widget elementor-widget-pt_title\" data-id=\"3a96998\" data-element_type=\"widget\" data-e-type=\"widget\" data-settings=\"{&quot;_animation&quot;:&quot;fadeInUp&quot;,&quot;_animation_delay&quot;:100}\" data-widget_type=\"pt_title.default\">\n\t\t\t\t<div class=\"elementor-widget-container\">\n\t\t\t\t\t\n        <div class=\"pt-title-wrap\">\t            <div class=\"pt-subtitle-wrap\"><span class=\"pt-subtitle color-secondary\">Restaurant f\u00fcr nachhaltige Meeresfr\u00fcchte<\/span><\/div>\t            <h3 class=\"pt-title\">\n\t                Freund des Meeres\t            <\/h3>\t            <div class=\"pt-title-text\">\n\t                <p>Nachhaltigkeit ist ein Schl\u00fcsselkonzept, das sich auch im Gastgewerbe durchsetzt. <\/p><p>Indem wir unseren Fisch und unsere Meeresfr\u00fcchte von zertifizierten lokalen Lieferanten beziehen, k\u00f6nnen wir nicht nur die R\u00fcckverfolgbarkeit der von ihnen verkauften Produkte sicherstellen, sondern auch, dass nachhaltige Restaurantpraktiken zur Nachhaltigkeit und Umweltvertr\u00e4glichkeit unseres Betriebs beitragen.<\/p><p>Auch in unserem eigenen Bauernhof produzieren wir die meisten der Produkte, die Sie in unserem Restaurant gefunden. Fleisch, K\u00e4se, Gem\u00fcse, Wein mit traditioneller Art der Herstellung.<\/p>\t            <\/div>        <\/div>\t\t\t\t<\/div>\n\t\t\t\t<\/div>\n\t\t\t\t\t<\/div>\n\t\t<\/div>\n\t\t\t\t\t<\/div>\n\t\t<\/section>\n\t\t\t\t<section class=\"elementor-section elementor-top-section elementor-element elementor-element-63374aa elementor-section-full_width elementor-section-height-min-height elementor-section-items-stretch elementor-reverse-mobile elementor-section-height-default\" data-id=\"63374aa\" data-element_type=\"section\" data-e-type=\"section\" data-settings=\"{&quot;background_background&quot;:&quot;classic&quot;}\">\n\t\t\t\t\t\t<div class=\"elementor-container elementor-column-gap-no\">\n\t\t\t\t\t<div class=\"elementor-column elementor-col-50 elementor-top-column elementor-element elementor-element-dbf4b56\" data-id=\"dbf4b56\" data-element_type=\"column\" data-e-type=\"column\">\n\t\t\t<div class=\"elementor-widget-wrap elementor-element-populated\">\n\t\t\t\t\t\t<div class=\"elementor-element elementor-element-7b01bb8 pt-animation-medium-offset elementor-invisible elementor-widget elementor-widget-pt_title\" data-id=\"7b01bb8\" data-element_type=\"widget\" data-e-type=\"widget\" data-settings=\"{&quot;_animation&quot;:&quot;fadeInUp&quot;,&quot;_animation_delay&quot;:100}\" data-widget_type=\"pt_title.default\">\n\t\t\t\t<div class=\"elementor-widget-container\">\n\t\t\t\t\t\n        <div class=\"pt-title-wrap\">\t            <div class=\"pt-subtitle-wrap\"><span class=\"pt-subtitle color-secondary\">Zeit beweist Qualit\u00e4t<\/span><\/div>\t            <h3 class=\"pt-title\">\n\t                GEPR\u00dcFTE QUALIT\u00c4T\t            <\/h3>\t            <div class=\"pt-title-text\">\n\t                <p>\"All die M\u00fchen und die Freude meiner Familie, die Liebe, die wir f\u00fcr die santorinische Gastronomie empfinden, werden jedes Mal belohnt, wenn ein Gast die Augen schlie\u00dft und die wunderbaren Aromen unserer Gerichte genie\u00dft.\"<\/p><p>Nikolas Alefragis (Eigent\u00fcmer)<\/p>\t            <\/div>        <\/div>\t\t\t\t<\/div>\n\t\t\t\t<\/div>\n\t\t\t\t<section class=\"elementor-section elementor-inner-section elementor-element elementor-element-734efa8 elementor-section-boxed elementor-section-height-default elementor-section-height-default\" data-id=\"734efa8\" data-element_type=\"section\" data-e-type=\"section\">\n\t\t\t\t\t\t<div class=\"elementor-container elementor-column-gap-default\">\n\t\t\t\t\t<div class=\"elementor-column elementor-col-33 elementor-inner-column elementor-element elementor-element-e243600\" data-id=\"e243600\" data-element_type=\"column\" data-e-type=\"column\">\n\t\t\t<div class=\"elementor-widget-wrap elementor-element-populated\">\n\t\t\t\t\t\t<div class=\"elementor-element elementor-element-36bbc8c elementor-widget elementor-widget-image\" data-id=\"36bbc8c\" data-element_type=\"widget\" data-e-type=\"widget\" data-widget_type=\"image.default\">\n\t\t\t\t<div class=\"elementor-widget-container\">\n\t\t\t\t\t\t\t\t\t\t\t\t\t\t\t<img decoding=\"async\" width=\"187\" height=\"176\" src=\"https:\/\/nikolascave.gr\/wp-content\/uploads\/2024\/06\/fish-restaurant-certification-3.webp\" class=\"attachment-full size-full wp-image-1453\" alt=\"Beste traditionelle Fischtaverne Santorin Zertifizierung\" \/>\t\t\t\t\t\t\t\t\t\t\t\t\t\t\t<\/div>\n\t\t\t\t<\/div>\n\t\t\t\t\t<\/div>\n\t\t<\/div>\n\t\t\t\t<div class=\"elementor-column elementor-col-33 elementor-inner-column elementor-element elementor-element-c3e5062\" data-id=\"c3e5062\" data-element_type=\"column\" data-e-type=\"column\">\n\t\t\t<div class=\"elementor-widget-wrap elementor-element-populated\">\n\t\t\t\t\t\t<div class=\"elementor-element elementor-element-709754e elementor-widget elementor-widget-image\" data-id=\"709754e\" data-element_type=\"widget\" data-e-type=\"widget\" data-widget_type=\"image.default\">\n\t\t\t\t<div class=\"elementor-widget-container\">\n\t\t\t\t\t\t\t\t\t\t\t\t\t\t\t<img decoding=\"async\" width=\"187\" height=\"176\" src=\"https:\/\/nikolascave.gr\/wp-content\/uploads\/2024\/06\/fish-restaurant-certification-1.webp\" class=\"attachment-full size-full wp-image-1451\" alt=\"Hausgemachte Lebensmittel in Santorin Zertifizierung\" \/>\t\t\t\t\t\t\t\t\t\t\t\t\t\t\t<\/div>\n\t\t\t\t<\/div>\n\t\t\t\t\t<\/div>\n\t\t<\/div>\n\t\t\t\t<div class=\"elementor-column elementor-col-33 elementor-inner-column elementor-element elementor-element-b873b4d\" data-id=\"b873b4d\" data-element_type=\"column\" data-e-type=\"column\">\n\t\t\t<div class=\"elementor-widget-wrap elementor-element-populated\">\n\t\t\t\t\t\t<div class=\"elementor-element elementor-element-812e743 elementor-widget elementor-widget-image\" data-id=\"812e743\" data-element_type=\"widget\" data-e-type=\"widget\" data-widget_type=\"image.default\">\n\t\t\t\t<div class=\"elementor-widget-container\">\n\t\t\t\t\t\t\t\t\t\t\t\t\t\t\t\t<a href=\"https:\/\/www.tripadvisor.com\/Restaurant_Review-g1189834-d3332213-Reviews-The_Cave_of_Nikolas-Akrotiri_Santorini_Cyclades_South_Aegean.html\" target=\"_blank\">\n\t\t\t\t\t\t\t<img decoding=\"async\" width=\"187\" height=\"176\" src=\"https:\/\/nikolascave.gr\/wp-content\/uploads\/2024\/06\/fish-restaurant-certification-2.webp\" class=\"attachment-full size-full wp-image-1452\" alt=\"TripAdvisor Bestbewertete Fischtaverne in Santorini\" \/>\t\t\t\t\t\t\t\t<\/a>\n\t\t\t\t\t\t\t\t\t\t\t\t\t\t\t<\/div>\n\t\t\t\t<\/div>\n\t\t\t\t\t<\/div>\n\t\t<\/div>\n\t\t\t\t\t<\/div>\n\t\t<\/section>\n\t\t\t\t\t<\/div>\n\t\t<\/div>\n\t\t\t\t<div class=\"elementor-column elementor-col-50 elementor-top-column elementor-element elementor-element-44176c4\" data-id=\"44176c4\" data-element_type=\"column\" data-e-type=\"column\" data-settings=\"{&quot;background_background&quot;:&quot;classic&quot;}\">\n\t\t\t<div class=\"elementor-widget-wrap elementor-element-populated\">\n\t\t\t\t\t\t<div class=\"elementor-element elementor-element-5b8a560 elementor-widget elementor-widget-spacer\" data-id=\"5b8a560\" data-element_type=\"widget\" data-e-type=\"widget\" data-widget_type=\"spacer.default\">\n\t\t\t\t<div class=\"elementor-widget-container\">\n\t\t\t\t\t\t\t<div class=\"elementor-spacer\">\n\t\t\t<div class=\"elementor-spacer-inner\"><\/div>\n\t\t<\/div>\n\t\t\t\t\t\t<\/div>\n\t\t\t\t<\/div>\n\t\t\t\t\t<\/div>\n\t\t<\/div>\n\t\t\t\t\t<\/div>\n\t\t<\/section>\n\t\t\t\t<section class=\"elementor-section elementor-top-section elementor-element elementor-element-642f139f pt-section-content-fullwidth elementor-section-boxed elementor-section-height-default elementor-section-height-default\" data-id=\"642f139f\" data-element_type=\"section\" data-e-type=\"section\" id=\"philosophy\" data-settings=\"{&quot;background_background&quot;:&quot;classic&quot;}\">\n\t\t\t\t\t\t<div class=\"elementor-container elementor-column-gap-no\">\n\t\t\t\t\t<div class=\"elementor-column elementor-col-100 elementor-top-column elementor-element elementor-element-152d6559\" data-id=\"152d6559\" data-element_type=\"column\" data-e-type=\"column\">\n\t\t\t<div class=\"elementor-widget-wrap elementor-element-populated\">\n\t\t\t\t\t\t<div class=\"elementor-element elementor-element-510f3066 elementor-invisible elementor-widget elementor-widget-pt_title\" data-id=\"510f3066\" data-element_type=\"widget\" data-e-type=\"widget\" data-settings=\"{&quot;_animation&quot;:&quot;fadeIn&quot;,&quot;_animation_delay&quot;:100}\" data-widget_type=\"pt_title.default\">\n\t\t\t\t<div class=\"elementor-widget-container\">\n\t\t\t\t\t\n        <div class=\"pt-title-wrap text-center\">\t            <div class=\"pt-subtitle-wrap\"><span class=\"pt-subtitle color-secondary\">MEERESFR\u00dcCHTE-PHILOSOPHIE<\/span><\/div>\t            <h6 class=\"pt-title\">\n\t                Meeresfr\u00fcchte sind unsere Leidenschaft, Frische ist unsere Mission und Qualit\u00e4t unsere Verpflichtung.\t            <\/h6>        <\/div>\t\t\t\t<\/div>\n\t\t\t\t<\/div>\n\t\t\t\t<div class=\"elementor-element elementor-element-2b86acb elementor-widget elementor-widget-video\" data-id=\"2b86acb\" data-element_type=\"widget\" data-e-type=\"widget\" data-settings=\"{&quot;youtube_url&quot;:&quot;https:\\\/\\\/youtu.be\\\/rXYQf3DnHe0&quot;,&quot;video_type&quot;:&quot;youtube&quot;,&quot;controls&quot;:&quot;yes&quot;}\" data-widget_type=\"video.default\">\n\t\t\t\t<div class=\"elementor-widget-container\">\n\t\t\t\t\t\t\t<div class=\"elementor-wrapper elementor-open-inline\">\n\t\t\t<div class=\"elementor-video\"><\/div>\t\t<\/div>\n\t\t\t\t\t\t<\/div>\n\t\t\t\t<\/div>\n\t\t\t\t\t<\/div>\n\t\t<\/div>\n\t\t\t\t\t<\/div>\n\t\t<\/section>\n\t\t\t\t<\/div>","protected":false},"excerpt":{"rendered":"<p>\u00dcber uns Unsere Geschichte Santorin... Akrotiri-Strand... Am Meer liegt seit vielen Jahren eine kleine, traditionelle H\u00f6hle, die Onkel Nikolas in jungen Jahren mit seinen eigenen H\u00e4nden gebaut hat. Mit viel Liebe und Leidenschaft gebaut, bot die H\u00f6hle ihm und seinem kleinen Boot eine Art Schutz. Immer an seiner Seite war ...<\/p>","protected":false},"author":1,"featured_media":0,"parent":0,"menu_order":0,"comment_status":"closed","ping_status":"closed","template":"template-wide-content.php","meta":{"_monsterinsights_skip_tracking":false,"_monsterinsights_sitenote_active":false,"_monsterinsights_sitenote_note":"","_monsterinsights_sitenote_category":0,"patiotime_single_page_hide_site_header":"","patiotime_single_page_site_header_source":"","patiotime_single_page_custom_site_header":"0","patiotime_single_page_custom_sticky_site_header":"0","patiotime_single_page_custom_page_title_margin_top_source":"","patiotime_single_page_custom_page_title_desktop_margin_top":"","patiotime_single_page_custom_page_title_tablet_margin_top":"","patiotime_single_page_custom_page_title_mobile_margin_top":"","patiotime_single_page_hide_page_title":"on","patiotime_single_page_header_section_size":"","patiotime_single_page_header_background_color":"","patiotime_single_page_header_background_position_x":"center","patiotime_single_page_header_background_position_y":"center","patiotime_single_page_header_background_size":"cover","patiotime_single_page_header_background_repeat":"off","patiotime_single_page_header_background_scroll":"on","patiotime_single_page_header_text_color":"","patiotime_single_page_header_show_breadcrumb":"","patiotime_single_page_site_footer_hide_main":"","patiotime_single_custom_site_footer_main_source":"","patiotime_single_custom_site_footer_main":"0","patiotime_single_page_site_footer_hide_above":"","patiotime_single_custom_site_footer_above_source":"","patiotime_single_custom_site_footer_above":"0","patiotime_single_page_site_footer_hide_instagram":"","patiotime_single_page_site_footer_hide_bottom":"","patiotime_single_custom_mobile_menu_source":"","patiotime_single_custom_mobile_menu":"0","patiotime_single_custom_mobile_menu_animation":"","patiotime_single_custom_mobile_menu_width":"","patiotime_single_custom_mobile_menu_custom_width":375,"footnotes":""},"class_list":["post-1232","page","type-page","status-publish","hentry"],"yoast_head":"<!-- This site is optimized with the Yoast SEO Premium plugin v25.5 (Yoast SEO v27.4) - https:\/\/yoast.com\/product\/yoast-seo-premium-wordpress\/ -->\n<title>About - The Cave of Nikolas<\/title>\n<meta name=\"robots\" content=\"index, follow, max-snippet:-1, max-image-preview:large, max-video-preview:-1\" \/>\n<link rel=\"canonical\" href=\"https:\/\/nikolascave.gr\/de\/uber\/\" \/>\n<meta property=\"og:locale\" content=\"de_DE\" \/>\n<meta property=\"og:type\" content=\"article\" \/>\n<meta property=\"og:title\" content=\"About\" \/>\n<meta property=\"og:description\" content=\"About US Our Story Santorini\u2026 Akrotiri beach\u2026 By the sea, lies for many years a small, traditional cave, build by Uncle Nikolas with his own hands when he was young. Made with lots of love and passion, the cave offered a kind of shelter to himself and his little boat. Always by his side was ...\" \/>\n<meta property=\"og:url\" content=\"https:\/\/nikolascave.gr\/de\/uber\/\" \/>\n<meta property=\"og:site_name\" content=\"The Cave of Nikolas\" \/>\n<meta property=\"article:publisher\" content=\"https:\/\/www.facebook.com\/santorini.cave.nikolas\/\" \/>\n<meta property=\"article:modified_time\" content=\"2025-05-22T16:16:31+00:00\" \/>\n<meta property=\"og:image\" content=\"https:\/\/nikolascave.gr\/wp-content\/uploads\/2024\/06\/fish-restaurant-certification-3.webp\" \/>\n\t<meta property=\"og:image:width\" content=\"187\" \/>\n\t<meta property=\"og:image:height\" content=\"176\" \/>\n\t<meta property=\"og:image:type\" content=\"image\/webp\" \/>\n<meta name=\"twitter:card\" content=\"summary_large_image\" \/>\n<meta name=\"twitter:label1\" content=\"Gesch\u00e4tzte Lesezeit\" \/>\n\t<meta name=\"twitter:data1\" content=\"3\u00a0Minuten\" \/>\n<script type=\"application\/ld+json\" class=\"yoast-schema-graph\">{\"@context\":\"https:\\\/\\\/schema.org\",\"@graph\":[{\"@type\":\"WebPage\",\"@id\":\"https:\\\/\\\/nikolascave.gr\\\/about\\\/\",\"url\":\"https:\\\/\\\/nikolascave.gr\\\/about\\\/\",\"name\":\"About - The Cave of Nikolas\",\"isPartOf\":{\"@id\":\"https:\\\/\\\/nikolascave.gr\\\/#website\"},\"primaryImageOfPage\":{\"@id\":\"https:\\\/\\\/nikolascave.gr\\\/about\\\/#primaryimage\"},\"image\":{\"@id\":\"https:\\\/\\\/nikolascave.gr\\\/about\\\/#primaryimage\"},\"thumbnailUrl\":\"https:\\\/\\\/nikolascave.gr\\\/wp-content\\\/uploads\\\/2024\\\/06\\\/fish-restaurant-certification-3.webp\",\"datePublished\":\"2022-04-26T07:29:35+00:00\",\"dateModified\":\"2025-05-22T16:16:31+00:00\",\"breadcrumb\":{\"@id\":\"https:\\\/\\\/nikolascave.gr\\\/about\\\/#breadcrumb\"},\"inLanguage\":\"de\",\"potentialAction\":[{\"@type\":\"ReadAction\",\"target\":[\"https:\\\/\\\/nikolascave.gr\\\/about\\\/\"]}]},{\"@type\":\"ImageObject\",\"inLanguage\":\"de\",\"@id\":\"https:\\\/\\\/nikolascave.gr\\\/about\\\/#primaryimage\",\"url\":\"https:\\\/\\\/nikolascave.gr\\\/wp-content\\\/uploads\\\/2024\\\/06\\\/fish-restaurant-certification-3.webp\",\"contentUrl\":\"https:\\\/\\\/nikolascave.gr\\\/wp-content\\\/uploads\\\/2024\\\/06\\\/fish-restaurant-certification-3.webp\"},{\"@type\":\"BreadcrumbList\",\"@id\":\"https:\\\/\\\/nikolascave.gr\\\/about\\\/#breadcrumb\",\"itemListElement\":[{\"@type\":\"ListItem\",\"position\":1,\"name\":\"Home\",\"item\":\"https:\\\/\\\/nikolascave.gr\\\/\"},{\"@type\":\"ListItem\",\"position\":2,\"name\":\"About\"}]},{\"@type\":\"WebSite\",\"@id\":\"https:\\\/\\\/nikolascave.gr\\\/#website\",\"url\":\"https:\\\/\\\/nikolascave.gr\\\/\",\"name\":\"The Cave of Nikolas\",\"description\":\"The Best Fish Tavern in Santorini\",\"publisher\":{\"@id\":\"https:\\\/\\\/nikolascave.gr\\\/#organization\"},\"potentialAction\":[{\"@type\":\"SearchAction\",\"target\":{\"@type\":\"EntryPoint\",\"urlTemplate\":\"https:\\\/\\\/nikolascave.gr\\\/?s={search_term_string}\"},\"query-input\":{\"@type\":\"PropertyValueSpecification\",\"valueRequired\":true,\"valueName\":\"search_term_string\"}}],\"inLanguage\":\"de\"},{\"@type\":\"Organization\",\"@id\":\"https:\\\/\\\/nikolascave.gr\\\/#organization\",\"name\":\"The Cave of Nikolas\",\"url\":\"https:\\\/\\\/nikolascave.gr\\\/\",\"logo\":{\"@type\":\"ImageObject\",\"inLanguage\":\"de\",\"@id\":\"https:\\\/\\\/nikolascave.gr\\\/#\\\/schema\\\/logo\\\/image\\\/\",\"url\":\"https:\\\/\\\/nikolascave.gr\\\/wp-content\\\/uploads\\\/2022\\\/04\\\/fish-restaurant-santorini-main-logo.png\",\"contentUrl\":\"https:\\\/\\\/nikolascave.gr\\\/wp-content\\\/uploads\\\/2022\\\/04\\\/fish-restaurant-santorini-main-logo.png\",\"width\":348,\"height\":69,\"caption\":\"The Cave of Nikolas\"},\"image\":{\"@id\":\"https:\\\/\\\/nikolascave.gr\\\/#\\\/schema\\\/logo\\\/image\\\/\"},\"sameAs\":[\"https:\\\/\\\/www.facebook.com\\\/santorini.cave.nikolas\\\/\"],\"publishingPrinciples\":\"https:\\\/\\\/nikolascave.gr\\\/\",\"ownershipFundingInfo\":\"https:\\\/\\\/nikolascave.gr\\\/about\\\/\"}]}<\/script>\n<!-- \/ Yoast SEO Premium plugin. -->","yoast_head_json":{"title":"\u00dcber - Die H\u00f6hle des Nikolas","robots":{"index":"index","follow":"follow","max-snippet":"max-snippet:-1","max-image-preview":"max-image-preview:large","max-video-preview":"max-video-preview:-1"},"canonical":"https:\/\/nikolascave.gr\/de\/uber\/","og_locale":"de_DE","og_type":"article","og_title":"About","og_description":"About US Our Story Santorini\u2026 Akrotiri beach\u2026 By the sea, lies for many years a small, traditional cave, build by Uncle Nikolas with his own hands when he was young. Made with lots of love and passion, the cave offered a kind of shelter to himself and his little boat. Always by his side was ...","og_url":"https:\/\/nikolascave.gr\/de\/uber\/","og_site_name":"The Cave of Nikolas","article_publisher":"https:\/\/www.facebook.com\/santorini.cave.nikolas\/","article_modified_time":"2025-05-22T16:16:31+00:00","og_image":[{"width":187,"height":176,"url":"https:\/\/nikolascave.gr\/wp-content\/uploads\/2024\/06\/fish-restaurant-certification-3.webp","type":"image\/webp"}],"twitter_card":"summary_large_image","twitter_misc":{"Gesch\u00e4tzte Lesezeit":"3\u00a0Minuten"},"schema":{"@context":"https:\/\/schema.org","@graph":[{"@type":"WebPage","@id":"https:\/\/nikolascave.gr\/about\/","url":"https:\/\/nikolascave.gr\/about\/","name":"\u00dcber - Die H\u00f6hle des Nikolas","isPartOf":{"@id":"https:\/\/nikolascave.gr\/#website"},"primaryImageOfPage":{"@id":"https:\/\/nikolascave.gr\/about\/#primaryimage"},"image":{"@id":"https:\/\/nikolascave.gr\/about\/#primaryimage"},"thumbnailUrl":"https:\/\/nikolascave.gr\/wp-content\/uploads\/2024\/06\/fish-restaurant-certification-3.webp","datePublished":"2022-04-26T07:29:35+00:00","dateModified":"2025-05-22T16:16:31+00:00","breadcrumb":{"@id":"https:\/\/nikolascave.gr\/about\/#breadcrumb"},"inLanguage":"de","potentialAction":[{"@type":"ReadAction","target":["https:\/\/nikolascave.gr\/about\/"]}]},{"@type":"ImageObject","inLanguage":"de","@id":"https:\/\/nikolascave.gr\/about\/#primaryimage","url":"https:\/\/nikolascave.gr\/wp-content\/uploads\/2024\/06\/fish-restaurant-certification-3.webp","contentUrl":"https:\/\/nikolascave.gr\/wp-content\/uploads\/2024\/06\/fish-restaurant-certification-3.webp"},{"@type":"BreadcrumbList","@id":"https:\/\/nikolascave.gr\/about\/#breadcrumb","itemListElement":[{"@type":"ListItem","position":1,"name":"Home","item":"https:\/\/nikolascave.gr\/"},{"@type":"ListItem","position":2,"name":"About"}]},{"@type":"WebSite","@id":"https:\/\/nikolascave.gr\/#website","url":"https:\/\/nikolascave.gr\/","name":"Die H\u00f6hle des Nikolas","description":"Die beste Fischtaverne auf Santorin","publisher":{"@id":"https:\/\/nikolascave.gr\/#organization"},"potentialAction":[{"@type":"SearchAction","target":{"@type":"EntryPoint","urlTemplate":"https:\/\/nikolascave.gr\/?s={search_term_string}"},"query-input":{"@type":"PropertyValueSpecification","valueRequired":true,"valueName":"search_term_string"}}],"inLanguage":"de"},{"@type":"Organization","@id":"https:\/\/nikolascave.gr\/#organization","name":"Die H\u00f6hle des Nikolas","url":"https:\/\/nikolascave.gr\/","logo":{"@type":"ImageObject","inLanguage":"de","@id":"https:\/\/nikolascave.gr\/#\/schema\/logo\/image\/","url":"https:\/\/nikolascave.gr\/wp-content\/uploads\/2022\/04\/fish-restaurant-santorini-main-logo.png","contentUrl":"https:\/\/nikolascave.gr\/wp-content\/uploads\/2022\/04\/fish-restaurant-santorini-main-logo.png","width":348,"height":69,"caption":"The Cave of Nikolas"},"image":{"@id":"https:\/\/nikolascave.gr\/#\/schema\/logo\/image\/"},"sameAs":["https:\/\/www.facebook.com\/santorini.cave.nikolas\/"],"publishingPrinciples":"https:\/\/nikolascave.gr\/","ownershipFundingInfo":"https:\/\/nikolascave.gr\/about\/"}]}},"_links":{"self":[{"href":"https:\/\/nikolascave.gr\/de\/wp-json\/wp\/v2\/pages\/1232","targetHints":{"allow":["GET"]}}],"collection":[{"href":"https:\/\/nikolascave.gr\/de\/wp-json\/wp\/v2\/pages"}],"about":[{"href":"https:\/\/nikolascave.gr\/de\/wp-json\/wp\/v2\/types\/page"}],"author":[{"embeddable":true,"href":"https:\/\/nikolascave.gr\/de\/wp-json\/wp\/v2\/users\/1"}],"replies":[{"embeddable":true,"href":"https:\/\/nikolascave.gr\/de\/wp-json\/wp\/v2\/comments?post=1232"}],"version-history":[{"count":46,"href":"https:\/\/nikolascave.gr\/de\/wp-json\/wp\/v2\/pages\/1232\/revisions"}],"predecessor-version":[{"id":2258,"href":"https:\/\/nikolascave.gr\/de\/wp-json\/wp\/v2\/pages\/1232\/revisions\/2258"}],"wp:attachment":[{"href":"https:\/\/nikolascave.gr\/de\/wp-json\/wp\/v2\/media?parent=1232"}],"curies":[{"name":"wp","href":"https:\/\/api.w.org\/{rel}","templated":true}]}}